{"id":10,"date":"2025-01-19T22:57:29","date_gmt":"2025-01-19T19:57:29","guid":{"rendered":"http:\/\/localhost\/wordpress\/?page_id=10"},"modified":"2025-04-15T14:34:12","modified_gmt":"2025-04-15T11:34:12","slug":"servicos","status":"publish","type":"page","link":"https:\/\/correcta.pt\/en\/servicos\/","title":{"rendered":"Services"},"content":{"rendered":"<div class=\"wp-block-group is-layout-constrained wp-block-group-is-layout-constrained\">\n<div class=\"wp-block-columns cr-card-box is-layout-flex wp-container-core-columns-is-layout-9d6595d7 wp-block-columns-is-layout-flex\">\n<div class=\"wp-block-column is-layout-flow wp-block-column-is-layout-flow\">\n<figure class=\"wp-block-image size-full\"><img decoding=\"async\" src=\"https:\/\/correcta.pt\/wp-content\/uploads\/2025\/04\/correcta-engenharia-01.jpg\" alt=\"\" class=\"wp-image-590\"\/><\/figure>\n<\/div>\n\n\n\n<div class=\"wp-block-column is-layout-flow wp-block-column-is-layout-flow\">\n<h2 class=\"wp-block-heading\"><strong>Engineering<\/strong><\/h2>\n\n\n\n<p>We have a specialised engineering service, with a focus on innovation and sustainability, to design high-quality solutions tailored to our clients' needs.<\/p>\n<\/div>\n<\/div>\n<\/div>\n\n\n\n<div class=\"wp-block-group full-bg-column is-layout-constrained wp-block-group-is-layout-constrained\">\n<div class=\"wp-block-columns is-layout-flex wp-container-core-columns-is-layout-9d6595d7 wp-block-columns-is-layout-flex\">\n<div class=\"wp-block-column is-layout-flow wp-block-column-is-layout-flow\">\n<h2 class=\"wp-block-heading has-text-align-center\"><strong>Technical Capacity<\/strong><\/h2>\n\n\n\n<p class=\"has-text-align-center\">Our services include bending, CNC cutting and calendering, guaranteeing precision and quality in metal forming and processing solutions. We cater for industrial projects with advanced technology and customised finishes.<\/p>\n\n\n\n<div class=\"wp-block-columns servicos-card is-layout-flex wp-container-core-columns-is-layout-9d6595d7 wp-block-columns-is-layout-flex\">\n<div class=\"wp-block-column is-layout-flow wp-block-column-is-layout-flow\">\n<figure class=\"wp-block-image size-full\"><img loading=\"lazy\" decoding=\"async\" width=\"314\" height=\"219\" src=\"https:\/\/correcta.pt\/wp-content\/uploads\/2025\/04\/correcta-quinagem-01.jpg\" alt=\"\" class=\"wp-image-633\" srcset=\"https:\/\/correcta.pt\/wp-content\/uploads\/2025\/04\/correcta-quinagem-01.jpg 314w, https:\/\/correcta.pt\/wp-content\/uploads\/2025\/04\/correcta-quinagem-01-300x209.jpg 300w, https:\/\/correcta.pt\/wp-content\/uploads\/2025\/04\/correcta-quinagem-01-18x12.jpg 18w\" sizes=\"auto, (max-width: 314px) 100vw, 314px\" \/><\/figure>\n\n\n\n<h3 class=\"wp-block-heading\">Bending<\/h3>\n\n\n\n<p>We use specialised equipment to bend sheet metal and shape parts with precision.<\/p>\n<\/div>\n\n\n\n<div class=\"wp-block-column is-layout-flow wp-block-column-is-layout-flow\">\n<figure class=\"wp-block-image size-full\"><img loading=\"lazy\" decoding=\"async\" width=\"314\" height=\"219\" src=\"https:\/\/correcta.pt\/wp-content\/uploads\/2025\/04\/correcta-laser-02.jpg\" alt=\"\" class=\"wp-image-632\" srcset=\"https:\/\/correcta.pt\/wp-content\/uploads\/2025\/04\/correcta-laser-02.jpg 314w, https:\/\/correcta.pt\/wp-content\/uploads\/2025\/04\/correcta-laser-02-300x209.jpg 300w, https:\/\/correcta.pt\/wp-content\/uploads\/2025\/04\/correcta-laser-02-18x12.jpg 18w\" sizes=\"auto, (max-width: 314px) 100vw, 314px\" \/><\/figure>\n\n\n\n<h3 class=\"wp-block-heading\">Laser cutting<\/h3>\n\n\n\n<p>We make precise, personalised cuts by computer-controlled laser cutting in a variety of metal materials.<\/p>\n<\/div>\n\n\n\n<div class=\"wp-block-column is-layout-flow wp-block-column-is-layout-flow\">\n<figure class=\"wp-block-image size-full\"><img loading=\"lazy\" decoding=\"async\" width=\"314\" height=\"219\" src=\"https:\/\/correcta.pt\/wp-content\/uploads\/2025\/04\/correcta-calandra-01.jpg\" alt=\"\" class=\"wp-image-631\" srcset=\"https:\/\/correcta.pt\/wp-content\/uploads\/2025\/04\/correcta-calandra-01.jpg 314w, https:\/\/correcta.pt\/wp-content\/uploads\/2025\/04\/correcta-calandra-01-300x209.jpg 300w, https:\/\/correcta.pt\/wp-content\/uploads\/2025\/04\/correcta-calandra-01-18x12.jpg 18w\" sizes=\"auto, (max-width: 314px) 100vw, 314px\" \/><\/figure>\n\n\n\n<h3 class=\"wp-block-heading\">Calender<\/h3>\n\n\n\n<p>We have equipment for bending sheet metal to create cylindrical or conical shapes with high precision.<\/p>\n<\/div>\n<\/div>\n<\/div>\n<\/div>\n<\/div>\n\n\n\n<div class=\"wp-block-group is-layout-constrained wp-block-group-is-layout-constrained\">\n<div class=\"wp-block-columns is-layout-flex wp-container-core-columns-is-layout-9d6595d7 wp-block-columns-is-layout-flex\">\n<div class=\"wp-block-column is-layout-flow wp-block-column-is-layout-flow\">\n<h2 class=\"wp-block-heading has-text-align-center\"><strong>Production<\/strong><\/h2>\n\n\n\n<p class=\"has-text-align-center\">In our production, we specialise in the manufacture of railings, guardrails and fences, using advanced technologies and solutions to guarantee safety and durability in every project.<\/p>\n\n\n\n<div class=\"wp-block-columns servicos-card is-layout-flex wp-container-core-columns-is-layout-9d6595d7 wp-block-columns-is-layout-flex\">\n<div class=\"wp-block-column is-layout-flow wp-block-column-is-layout-flow\">\n<figure class=\"wp-block-image size-full\"><img loading=\"lazy\" decoding=\"async\" width=\"314\" height=\"219\" src=\"https:\/\/correcta.pt\/wp-content\/uploads\/2025\/04\/correcta-gradil-01.jpg\" alt=\"\" class=\"wp-image-634\" srcset=\"https:\/\/correcta.pt\/wp-content\/uploads\/2025\/04\/correcta-gradil-01.jpg 314w, https:\/\/correcta.pt\/wp-content\/uploads\/2025\/04\/correcta-gradil-01-300x209.jpg 300w, https:\/\/correcta.pt\/wp-content\/uploads\/2025\/04\/correcta-gradil-01-18x12.jpg 18w\" sizes=\"auto, (max-width: 314px) 100vw, 314px\" \/><\/figure>\n\n\n\n<h3 class=\"wp-block-heading\">Railing<\/h3>\n\n\n\n<p>In the production of railings, we use high-quality materials and advanced techniques to guarantee strength and safety.<\/p>\n<\/div>\n\n\n\n<div class=\"wp-block-column is-layout-flow wp-block-column-is-layout-flow\">\n<figure class=\"wp-block-image size-full\"><img loading=\"lazy\" decoding=\"async\" width=\"314\" height=\"219\" src=\"https:\/\/correcta.pt\/wp-content\/uploads\/2025\/04\/correcta-guarda_corpos-01.jpg\" alt=\"\" class=\"wp-image-636\" srcset=\"https:\/\/correcta.pt\/wp-content\/uploads\/2025\/04\/correcta-guarda_corpos-01.jpg 314w, https:\/\/correcta.pt\/wp-content\/uploads\/2025\/04\/correcta-guarda_corpos-01-300x209.jpg 300w, https:\/\/correcta.pt\/wp-content\/uploads\/2025\/04\/correcta-guarda_corpos-01-18x12.jpg 18w\" sizes=\"auto, (max-width: 314px) 100vw, 314px\" \/><\/figure>\n\n\n\n<h3 class=\"wp-block-heading\">Bodyguards<\/h3>\n\n\n\n<p>With our technology and know-how, we produce guardrails with customised designs, guaranteeing safety and aesthetics.<\/p>\n<\/div>\n\n\n\n<div class=\"wp-block-column is-layout-flow wp-block-column-is-layout-flow\">\n<figure class=\"wp-block-image size-full\"><img loading=\"lazy\" decoding=\"async\" width=\"314\" height=\"219\" src=\"https:\/\/correcta.pt\/wp-content\/uploads\/2025\/04\/correcta-vedacoes-01.jpg\" alt=\"\" class=\"wp-image-637\" srcset=\"https:\/\/correcta.pt\/wp-content\/uploads\/2025\/04\/correcta-vedacoes-01.jpg 314w, https:\/\/correcta.pt\/wp-content\/uploads\/2025\/04\/correcta-vedacoes-01-300x209.jpg 300w, https:\/\/correcta.pt\/wp-content\/uploads\/2025\/04\/correcta-vedacoes-01-18x12.jpg 18w\" sizes=\"auto, (max-width: 314px) 100vw, 314px\" \/><\/figure>\n\n\n\n<h3 class=\"wp-block-heading\">Seals<\/h3>\n\n\n\n<p>We produce robust metal seals using advanced technologies to guarantee resistance and protection.<\/p>\n<\/div>\n<\/div>\n<\/div>\n<\/div>\n<\/div>\n\n\n\n<div class=\"wp-block-group full-bg-column is-layout-constrained wp-block-group-is-layout-constrained\">\n<div class=\"wp-block-columns is-layout-flex wp-container-core-columns-is-layout-9d6595d7 wp-block-columns-is-layout-flex\">\n<div class=\"wp-block-column is-layout-flow wp-block-column-is-layout-flow\">\n<h2 class=\"wp-block-heading has-text-align-center\">Special projects<\/h2>\n\n\n\n<p class=\"has-text-align-center\">Our ability to develop engineering projects, with technological production solutions and specialised labour, allows us to take on special projects, whether small or large.<\/p>\n\n\n\n<div class=\"wp-block-columns servicos-card is-layout-flex wp-container-core-columns-is-layout-9d6595d7 wp-block-columns-is-layout-flex\">\n<div class=\"wp-block-column is-layout-flow wp-block-column-is-layout-flow\">\n<figure class=\"wp-block-image size-full\"><img loading=\"lazy\" decoding=\"async\" width=\"315\" height=\"235\" src=\"https:\/\/correcta.pt\/wp-content\/uploads\/2025\/04\/correcta-arte-01.jpg\" alt=\"\" class=\"wp-image-599\" srcset=\"https:\/\/correcta.pt\/wp-content\/uploads\/2025\/04\/correcta-arte-01.jpg 315w, https:\/\/correcta.pt\/wp-content\/uploads\/2025\/04\/correcta-arte-01-300x224.jpg 300w, https:\/\/correcta.pt\/wp-content\/uploads\/2025\/04\/correcta-arte-01-16x12.jpg 16w\" sizes=\"auto, (max-width: 315px) 100vw, 315px\" \/><\/figure>\n\n\n\n<h3 class=\"wp-block-heading\">Works of art<\/h3>\n\n\n\n<p>We make unique pieces using the latest technology to achieve the desired aesthetic effect.<\/p>\n<\/div>\n\n\n\n<div class=\"wp-block-column is-layout-flow wp-block-column-is-layout-flow\">\n<figure class=\"wp-block-image size-full\"><img loading=\"lazy\" decoding=\"async\" width=\"315\" height=\"235\" src=\"https:\/\/correcta.pt\/wp-content\/uploads\/2025\/04\/correcta_ponte-01.jpg\" alt=\"\" class=\"wp-image-597\" srcset=\"https:\/\/correcta.pt\/wp-content\/uploads\/2025\/04\/correcta_ponte-01.jpg 315w, https:\/\/correcta.pt\/wp-content\/uploads\/2025\/04\/correcta_ponte-01-300x224.jpg 300w, https:\/\/correcta.pt\/wp-content\/uploads\/2025\/04\/correcta_ponte-01-16x12.jpg 16w\" sizes=\"auto, (max-width: 315px) 100vw, 315px\" \/><\/figure>\n\n\n\n<h3 class=\"wp-block-heading\">Walkways<\/h3>\n\n\n\n<p>We build walkways and pedestrian bridges, successfully guaranteeing aesthetic quality and structural safety.<\/p>\n<\/div>\n\n\n\n<div class=\"wp-block-column is-layout-flow wp-block-column-is-layout-flow\">\n<figure class=\"wp-block-image size-full\"><img loading=\"lazy\" decoding=\"async\" width=\"315\" height=\"235\" src=\"https:\/\/correcta.pt\/wp-content\/uploads\/2025\/04\/correcta-comporta-01-1.jpg\" alt=\"\" class=\"wp-image-595\" srcset=\"https:\/\/correcta.pt\/wp-content\/uploads\/2025\/04\/correcta-comporta-01-1.jpg 315w, https:\/\/correcta.pt\/wp-content\/uploads\/2025\/04\/correcta-comporta-01-1-300x224.jpg 300w, https:\/\/correcta.pt\/wp-content\/uploads\/2025\/04\/correcta-comporta-01-1-16x12.jpg 16w\" sizes=\"auto, (max-width: 315px) 100vw, 315px\" \/><\/figure>\n\n\n\n<h3 class=\"wp-block-heading\">Gates<\/h3>\n\n\n\n<p>Large-scale production, the sluice gates involve a great deal of rigour in construction and assembly.<\/p>\n<\/div>\n<\/div>\n<\/div>\n<\/div>\n<\/div>\n\n\n\n<div class=\"wp-block-group is-layout-constrained wp-block-group-is-layout-constrained\">\n<div class=\"wp-block-columns cr-card-box is-layout-flex wp-container-core-columns-is-layout-9d6595d7 wp-block-columns-is-layout-flex\">\n<div class=\"wp-block-column is-layout-flow wp-block-column-is-layout-flow\">\n<figure class=\"wp-block-image size-full\"><img loading=\"lazy\" decoding=\"async\" width=\"350\" height=\"331\" src=\"https:\/\/correcta.pt\/wp-content\/uploads\/2025\/04\/correcta-montagem.jpg\" alt=\"\" class=\"wp-image-584\" srcset=\"https:\/\/correcta.pt\/wp-content\/uploads\/2025\/04\/correcta-montagem.jpg 350w, https:\/\/correcta.pt\/wp-content\/uploads\/2025\/04\/correcta-montagem-300x284.jpg 300w, https:\/\/correcta.pt\/wp-content\/uploads\/2025\/04\/correcta-montagem-13x12.jpg 13w\" sizes=\"auto, (max-width: 350px) 100vw, 350px\" \/><\/figure>\n<\/div>\n\n\n\n<div class=\"wp-block-column is-layout-flow wp-block-column-is-layout-flow\">\n<h2 class=\"wp-block-heading\"><strong>Assembly<\/strong><\/h2>\n\n\n\n<p>Our assembly process is characterised by an integrated approach focused on quality. We carry out the assembly of various metal structures and complex systems, using advanced technology and specialised teams to ensure proper compliance.<\/p>\n<\/div>\n<\/div>\n<\/div>\n\n\n<div class=\"container-fluid bg-contact\">\r\n    <div class=\"row bg-contact-row\">\r\n        <div class=\"col-md-7\">\r\n            <div class=\"bg-contact-text\">This is the first step towards finalising your project<\/div>\r\n        <\/div>\r\n        <div class=\"col-md-5\">\r\n        <a href=\"https:\/\/correcta.pt\/en\/contacto\/\" class=\"btn cro-btn hover-border-5\"><span>CONTACT US<\/span><\/a>           \r\n        <\/div>\r\n    <\/div>\r\n<\/div>","protected":false},"excerpt":{"rendered":"<p>Engenharia Temos um servi\u00e7o especializado de engenharia, com o foco na inova\u00e7\u00e3o e sustentabilidade, para projetar solu\u00e7\u00f5es de alta qualidade, ajustadas \u00e0s necessidades dos clientes. Capacidade T\u00e9cnica Os nossos servi\u00e7os incluem quinagem, corte CNC e calandra, garantindo precis\u00e3o e qualidade em solu\u00e7\u00f5es de conforma\u00e7\u00e3o e processamento de metais. Atendemos projetos industriais com tecnologia avan\u00e7ada e [&hellip;]<\/p>\n","protected":false},"author":1,"featured_media":589,"parent":0,"menu_order":0,"comment_status":"closed","ping_status":"closed","template":"","meta":{"footnotes":""},"class_list":["post-10","page","type-page","status-publish","has-post-thumbnail","hentry"],"_links":{"self":[{"href":"https:\/\/correcta.pt\/en\/wp-json\/wp\/v2\/pages\/10","targetHints":{"allow":["GET"]}}],"collection":[{"href":"https:\/\/correcta.pt\/en\/wp-json\/wp\/v2\/pages"}],"about":[{"href":"https:\/\/correcta.pt\/en\/wp-json\/wp\/v2\/types\/page"}],"author":[{"embeddable":true,"href":"https:\/\/correcta.pt\/en\/wp-json\/wp\/v2\/users\/1"}],"replies":[{"embeddable":true,"href":"https:\/\/correcta.pt\/en\/wp-json\/wp\/v2\/comments?post=10"}],"version-history":[{"count":37,"href":"https:\/\/correcta.pt\/en\/wp-json\/wp\/v2\/pages\/10\/revisions"}],"predecessor-version":[{"id":639,"href":"https:\/\/correcta.pt\/en\/wp-json\/wp\/v2\/pages\/10\/revisions\/639"}],"wp:featuredmedia":[{"embeddable":true,"href":"https:\/\/correcta.pt\/en\/wp-json\/wp\/v2\/media\/589"}],"wp:attachment":[{"href":"https:\/\/correcta.pt\/en\/wp-json\/wp\/v2\/media?parent=10"}],"curies":[{"name":"wp","href":"https:\/\/api.w.org\/{rel}","templated":true}]}}