{"id":8,"date":"2025-01-19T22:56:44","date_gmt":"2025-01-19T19:56:44","guid":{"rendered":"http:\/\/localhost\/wordpress\/?page_id=8"},"modified":"2025-08-11T21:44:30","modified_gmt":"2025-08-11T18:44:30","slug":"sobre-nos","status":"publish","type":"page","link":"https:\/\/correcta.pt\/en\/sobre-nos\/","title":{"rendered":"About Us"},"content":{"rendered":"<div class=\"wp-block-columns is-layout-flex wp-container-core-columns-is-layout-9d6595d7 wp-block-columns-is-layout-flex\">\n<div class=\"wp-block-column is-layout-flow wp-block-column-is-layout-flow\">\n<p class=\"has-text-align-center\">Our purpose is to produce metal elements with quality and innovation, promoting sustainable development. With production efficiency and a balanced use of technology, we maintain our commitment to environmental protection, integrity in our partnerships and support for the surrounding community.<\/p>\n<\/div>\n<\/div>\n\n\n\n<div class=\"wp-block-group is-layout-constrained wp-block-group-is-layout-constrained\">\n<div class=\"wp-block-columns cr-card-box is-layout-flex wp-container-core-columns-is-layout-9d6595d7 wp-block-columns-is-layout-flex\">\n<div class=\"wp-block-column is-layout-flow wp-block-column-is-layout-flow\">\n<figure class=\"wp-block-image size-full sobre-nos-logo\"><img loading=\"lazy\" decoding=\"async\" width=\"600\" height=\"377\" src=\"https:\/\/correcta.pt\/wp-content\/uploads\/2025\/03\/sobrenosLogo.png\" alt=\"\" class=\"wp-image-482\"\/><\/figure>\n<\/div>\n\n\n\n<div class=\"wp-block-column is-layout-flow wp-block-column-is-layout-flow\">\n<h2 class=\"wp-block-heading\"><strong>Our story<\/strong><\/h2>\n\n\n\n<p style=\"font-style:normal;font-weight:100\">Founded in 1984 as Crespo, Silva &amp; Dias, Lda, Correcta began with industrial maintenance and locksmith services. In 2006, after a thorough restructuring, it adopted the name Correcta Constru\u00e7\u00f5es, Lda, and expanded its operations into the construction, metalworking and special projects markets...<\/p>\n\n\n\n<a href=\"https:\/\/correcta.pt\/en\/informacao\/\" class=\"btn cro-btn hover-border-5\"><span>SEE MORE<\/span><\/a>\n<\/div>\n<\/div>\n<\/div>\n\n\n\n<div class=\"wp-block-group full-bg-column is-layout-constrained wp-block-group-is-layout-constrained\">\n<div class=\"wp-block-columns cr-card-box is-layout-flex wp-container-core-columns-is-layout-9d6595d7 wp-block-columns-is-layout-flex\">\n<div class=\"wp-block-column is-layout-flow wp-block-column-is-layout-flow\">\n<figure class=\"wp-block-image size-full\"><img loading=\"lazy\" decoding=\"async\" width=\"1262\" height=\"946\" src=\"https:\/\/correcta.pt\/wp-content\/uploads\/2025\/01\/image-13.jpg\" alt=\"\" class=\"wp-image-60\"\/><\/figure>\n<\/div>\n\n\n\n<div class=\"wp-block-column is-layout-flow wp-block-column-is-layout-flow\">\n<h2 class=\"wp-block-heading\"><strong>What we do<\/strong><\/h2>\n\n\n\n<p>Correcta produces high quality, precision parts, including metal structures, locksmith components and specialised equipment, developed to guarantee durability and performance in demanding environments such as ports, dams and infrastructure works.<\/p>\n\n\n\n<a href=\"https:\/\/correcta.pt\/en\/servicos\/\" class=\"btn cro-btn hover-border-5\"><span>SEE MORE<\/span><\/a>\n<\/div>\n<\/div>\n<\/div>\n\n\n\n<div class=\"wp-block-group is-layout-constrained wp-block-group-is-layout-constrained\">\n<div class=\"wp-block-columns cr-card-box is-layout-flex wp-container-core-columns-is-layout-9d6595d7 wp-block-columns-is-layout-flex\">\n<div class=\"wp-block-column is-layout-flow wp-block-column-is-layout-flow\">\n<figure class=\"wp-block-image size-full\"><img loading=\"lazy\" decoding=\"async\" width=\"1920\" height=\"1280\" src=\"https:\/\/correcta.pt\/wp-content\/uploads\/2025\/01\/image-14.jpg\" alt=\"\" class=\"wp-image-68\"\/><\/figure>\n<\/div>\n\n\n\n<div class=\"wp-block-column is-layout-flow wp-block-column-is-layout-flow\">\n<h2 class=\"wp-block-heading\"><strong>Our team<\/strong><\/h2>\n\n\n\n<p>With a team made up of highly qualified professionals with experience and specialised skills in civil construction, metalworking and infrastructure projects, Correct takes responsibility for providing an excellent service from start to finish of each project.<\/p>\n<\/div>\n<\/div>\n<\/div>\n\n\n\n<div class=\"wp-block-group full-bg-column is-layout-constrained wp-block-group-is-layout-constrained\">\n<div class=\"wp-block-columns w-50 is-layout-flex wp-container-core-columns-is-layout-9d6595d7 wp-block-columns-is-layout-flex\">\n<div class=\"wp-block-column text-end is-layout-flow wp-block-column-is-layout-flow\">\n<div class=\"wp-block-group flex-column align-items-center is-content-justification-right is-nowrap is-layout-flex wp-container-core-group-is-layout-fd526d70 wp-block-group-is-layout-flex\">\n<svg xmlns=\"http:\/\/www.w3.org\/2000\/svg\" width=\"110\" height=\"110\" viewbox=\"0 0 110 110\" fill=\"none\">\n<path d=\"M37.9159 41.0811C36.178 41.0811 34.7596 42.4994 34.7596 44.2373V50.5698C34.7596 52.3077 36.178 53.726 37.9159 53.726C39.6538 53.726 41.0721 52.3077 41.0721 50.5698V44.2373C41.0721 42.4994 39.6538 41.0811 37.9159 41.0811Z\" stroke=\"#030102\" stroke-width=\"2\" stroke-miterlimit=\"10\"\/>\n<path d=\"M50.5608 34.749C48.8229 34.749 47.4045 36.1673 47.4045 37.9053V50.5702C47.4045 52.3081 48.8229 53.7264 50.5608 53.7264C52.2987 53.7264 53.717 52.3081 53.717 50.5702V37.9053C53.737 36.1673 52.3187 34.749 50.5608 34.749Z\" stroke=\"#030102\" stroke-width=\"2\" stroke-miterlimit=\"10\"\/>\n<path d=\"M63.2258 28.415C61.4879 28.415 60.0696 29.8334 60.0696 31.5713V50.5487C60.0696 52.2866 61.4879 53.7049 63.2258 53.7049C64.9638 53.7049 66.3821 52.2866 66.3821 50.5487V31.5713C66.3821 29.8334 64.9837 28.415 63.2258 28.415Z\" stroke=\"#030102\" stroke-width=\"2\" stroke-miterlimit=\"10\"\/>\n<path d=\"M75.8907 34.749C74.1528 34.749 72.7345 36.1673 72.7345 37.9053V50.5702C72.7345 52.3081 74.1528 53.7264 75.8907 53.7264C77.6287 53.7264 79.047 52.3081 79.047 50.5702V37.9053C79.047 36.1673 77.6287 34.749 75.8907 34.749Z\" stroke=\"#030102\" stroke-width=\"2\" stroke-miterlimit=\"10\"\/>\n<path d=\"M88.5355 30.5332C86.7976 30.5332 85.3793 31.9515 85.3793 33.6894V50.5694C85.3793 52.3073 86.7976 53.7256 88.5355 53.7256C90.2735 53.7256 91.6918 52.3073 91.6918 50.5694V33.6894C91.7117 31.9515 90.2934 30.5332 88.5355 30.5332Z\" stroke=\"#030102\" stroke-width=\"2\" stroke-miterlimit=\"10\"\/>\n<path d=\"M101.201 26.2979C99.4627 26.2979 98.0444 27.7162 98.0444 29.4541V50.549C98.0444 52.2869 99.4627 53.7052 101.201 53.7052C102.939 53.7052 104.357 52.2869 104.357 50.549V29.4741C104.357 27.7162 102.939 26.2979 101.201 26.2979Z\" stroke=\"#030102\" stroke-width=\"2\" stroke-miterlimit=\"10\"\/>\n<path d=\"M105.975 3.24522L93.5098 1.04784C91.7918 0.748195 90.1538 1.88684 89.8341 3.60479C89.5145 5.32275 90.6731 6.9608 92.3911 7.28042L97.2853 8.1394L78.3678 21.2438L69.6781 12.5541C68.6793 11.5553 67.1411 11.3356 65.9026 12.0348L27.9278 33.1297C26.4096 33.9687 25.8503 35.9063 26.6893 37.4245C27.5283 38.9427 29.466 39.5021 30.9842 38.6631L66.8615 18.7268L75.7309 27.5962C76.8096 28.675 78.5076 28.8348 79.7661 27.9558L100.961 13.2933L100.082 18.2873C99.7823 20.0053 100.921 21.6433 102.639 21.9629C104.357 22.2626 105.995 21.1239 106.315 19.406L108.512 6.94082C108.832 5.18292 107.693 3.54487 105.975 3.24522Z\" stroke=\"#030102\" stroke-width=\"2\" stroke-miterlimit=\"10\"\/>\n<path d=\"M30.5848 64.014L2.57812 80.1947C1.59929 80.7541 1 81.8128 1 82.9315V105.844C1 107.582 2.41831 109 4.15624 109H21.0362C21.8352 109 22.6143 108.701 23.1936 108.141L32.8221 99.1322L63.6454 99.2321C67.9403 99.2521 72.1753 98.1334 75.8909 95.976L104.637 79.3757C107.094 77.9574 108.592 75.3605 108.592 72.5239C108.592 66.4311 102 62.6356 96.7261 65.672C92.7708 67.9493 88.8554 70.2066 85.3796 72.2242C85.4195 73.263 85.3796 74.3018 85.1798 75.3805C84.5206 79.136 82.4431 82.3921 79.3268 84.5695C76.2105 86.747 72.435 87.586 68.6794 86.9267L47.4048 83.1712C45.6868 82.8716 44.5282 81.2335 44.8478 79.4956C45.1475 77.7776 46.7855 76.619 48.5234 76.9386L69.7981 80.6942C74.093 81.4533 78.2081 78.5767 78.9672 74.2818C79.7263 69.9869 76.8497 65.8718 72.5548 65.1127L48.3836 60.8578C42.2509 59.799 35.9584 60.9177 30.5848 64.014Z\" stroke=\"#030102\" stroke-width=\"2\" stroke-miterlimit=\"10\"\/>\n<\/svg>\n\n\n\n<p class=\"mt-3\" style=\"font-size:24px\"><strong>COMPANY<\/strong><\/p>\n\n\n\n<p class=\"has-text-color has-link-color wp-elements-1171aa93e4612c0f69105dab176651bb\" style=\"color:#2e2014;font-size:16px\"><a href=\"https:\/\/correcta.pt\/wp-content\/uploads\/2025\/08\/Politica_da_Qualidade.pdf\" data-type=\"link\" data-id=\"https:\/\/correcta.pt\/wp-content\/uploads\/2025\/06\/Politica_da_Qualidade.pdf\" target=\"_blank\" rel=\"noreferrer noopener\">Quality Policy<\/a><\/p>\n<\/div>\n<\/div>\n\n\n\n<div class=\"wp-block-column is-layout-flow wp-block-column-is-layout-flow\">\n<div class=\"wp-block-group flex-column align-items-center is-nowrap is-layout-flex wp-container-core-group-is-layout-ad2f72ca wp-block-group-is-layout-flex\">\n<svg xmlns=\"http:\/\/www.w3.org\/2000\/svg\" width=\"108\" height=\"108\" viewbox=\"0 0 108 108\" fill=\"none\">\n<path d=\"M53.9999 31.4663C57.8911 31.4663 61.0456 28.3119 61.0456 24.4207C61.0456 20.5295 57.8911 17.375 53.9999 17.375C50.1087 17.375 46.9542 20.5295 46.9542 24.4207C46.9542 28.3119 50.1087 31.4663 53.9999 31.4663Z\" stroke=\"#030102\" stroke-width=\"2\" stroke-miterlimit=\"10\"\/>\n<path d=\"M41.4437 53.4299H66.5365C67.8355 53.4299 68.8785 52.3868 68.8785 51.0879V41.6805C68.8785 37.4492 66.6349 33.7296 63.2499 31.6631C61.1047 34.4184 57.7393 36.2093 53.9803 36.2093C50.2213 36.2093 46.8559 34.4381 44.7107 31.6631C41.3453 33.7296 39.082 37.4492 39.082 41.6805V51.0879C39.1017 52.3671 40.1448 53.4299 41.4437 53.4299Z\" stroke=\"#030102\" stroke-width=\"2\" stroke-miterlimit=\"10\"\/>\n<path d=\"M71.6143 15.0913C75.5055 15.0913 78.66 11.9369 78.66 8.04567C78.66 4.15446 75.5055 1 71.6143 1C67.7231 1 64.5686 4.15446 64.5686 8.04567C64.5686 11.9369 67.7231 15.0913 71.6143 15.0913Z\" stroke=\"#030102\" stroke-width=\"2\" stroke-miterlimit=\"10\"\/>\n<path d=\"M67.9537 37.0549H84.1508C85.4498 37.0549 86.4928 36.0118 86.4928 34.7129V25.3055C86.4928 21.0742 84.2492 17.3546 80.8642 15.2881C78.719 18.0434 75.3536 19.8343 71.5946 19.8343C67.8356 19.8343 64.4702 18.0631 62.325 15.2881C60.8293 16.2131 59.5697 17.4333 58.6053 18.9093\" stroke=\"#030102\" stroke-width=\"2\" stroke-miterlimit=\"10\"\/>\n<path d=\"M36.3661 15.0913C40.2573 15.0913 43.4118 11.9369 43.4118 8.04567C43.4118 4.15446 40.2573 1 36.3661 1C32.4749 1 29.3204 4.15446 29.3204 8.04567C29.3204 11.9369 32.4749 15.0913 36.3661 15.0913Z\" stroke=\"#030102\" stroke-width=\"2\" stroke-miterlimit=\"10\"\/>\n<path d=\"M49.3554 18.8898C48.391 17.4334 47.1315 16.1935 45.6357 15.2686C43.4905 18.0238 40.1252 19.8148 36.3661 19.8148C32.6071 19.8148 29.2418 18.0435 27.0966 15.2686C23.7312 17.335 21.4679 21.0547 21.4679 25.286V34.6934C21.4679 35.9923 22.511 37.0354 23.8099 37.0354H40.0071\" stroke=\"#030102\" stroke-width=\"2\" stroke-miterlimit=\"10\"\/>\n<path d=\"M99.8361 28.7891C95.8803 28.7891 92.692 31.997 92.692 35.9331V56.3617C93.0463 56.6372 93.3809 56.9521 93.6958 57.267C98.7143 62.2855 98.7143 70.453 93.6958 75.4716L81.9858 87.1816C80.864 88.3034 79.0534 88.3034 77.9316 87.1816C76.8098 86.0598 76.8098 84.2491 77.9316 83.1274L89.6415 71.4174C92.4362 68.6227 92.4362 64.0962 89.6415 61.3015C86.8469 58.5069 82.3203 58.5069 79.5257 61.3015L65.395 75.4322C62.7184 78.1088 61.203 81.7497 61.203 85.5481V106.961H85.0363C85.9416 106.961 86.7879 106.547 87.3192 105.819L103.694 84.1311C105.799 81.3364 106.961 77.8726 106.961 74.3695V35.9528C107 31.997 103.792 28.7891 99.8361 28.7891Z\" stroke=\"#030102\" stroke-width=\"2\" stroke-miterlimit=\"10\"\/>\n<path d=\"M28.4545 61.321C25.6599 58.5264 21.1333 58.5264 18.3387 61.321C15.544 64.1157 15.544 68.6422 18.3387 71.4369L30.0486 83.1469C31.1704 84.2687 31.1704 86.0793 30.0486 87.2011C28.9268 88.3229 27.1162 88.3229 25.9944 87.2011L14.2844 75.4911C9.26588 70.4725 9.26588 62.3051 14.2844 57.2865C14.5993 56.9716 14.9536 56.6567 15.2882 56.3812V35.9527C15.2882 31.9969 12.0802 28.8086 8.14408 28.8086C4.18827 28.8086 1 32.0165 1 35.9527V74.4087C1 77.9118 2.16116 81.3756 4.26699 84.1703L20.6413 105.858C21.1727 106.567 22.0189 107 22.9243 107H46.7575V85.5676C46.7575 81.7692 45.2421 78.1283 42.5655 75.4517L28.4545 61.321Z\" stroke=\"#030102\" stroke-width=\"2\" stroke-miterlimit=\"10\"\/>\n<\/svg>\n\n\n\n<p class=\"mt-3\" style=\"font-size:24px\"><strong>TEAM<\/strong><\/p>\n\n\n\n<p class=\"has-text-color has-link-color wp-elements-64ba50164adec53ef5c5ed174a7afa64\" style=\"color:#2e2014;font-size:16px\"><a target=\"_blank\" href=\"https:\/\/correcta.pt\/wp-content\/uploads\/2025\/06\/Codigo_de_Conduta_e_Prevencao_do_Assedio.pdf\" data-type=\"link\" data-id=\"https:\/\/correcta.pt\/wp-content\/uploads\/2025\/06\/Codigo_de_Conduta_e_Prevencao_do_Assedio.pdf\">Code of Conduct and<br>Harassment Prevention<\/a><\/p>\n<\/div>\n<\/div>\n<\/div>\n<\/div>\n\n\n\n<div class=\"wp-block-group full-bg-column is-layout-constrained wp-block-group-is-layout-constrained\">\n<div class=\"wp-block-columns is-layout-flex wp-container-core-columns-is-layout-9d6595d7 wp-block-columns-is-layout-flex\">\n<div class=\"wp-block-column is-layout-flow wp-block-column-is-layout-flow\">\n<h2 class=\"wp-block-heading has-text-align-center\"><strong>Our distinctions<\/strong><\/h2>\n\n\n\n<div class=\"wp-block-group is-content-justification-center is-nowrap is-layout-flex wp-container-core-group-is-layout-94bc23d7 wp-block-group-is-layout-flex\">\n<figure class=\"wp-block-image size-full wp-container-content-e29552f7\"><a class=\"\" href=\"https:\/\/correcta.pt\/en\/distincoes\/\" rel=\"https:\/\/correcta.pt\/index.php\/sobre-nos\/\"><img loading=\"lazy\" decoding=\"async\" width=\"590\" height=\"586\" src=\"https:\/\/correcta.pt\/wp-content\/uploads\/2025\/01\/image-15.jpg\" alt=\"\" class=\"wp-image-70\" style=\"aspect-ratio:3\/2;object-fit:contain\"\/><\/a><\/figure>\n\n\n\n<figure class=\"wp-block-image size-full wp-container-content-e29552f7\"><a class=\"\" href=\"https:\/\/correcta.pt\/en\/distincoes\/\" target=\"_blank\" rel=\"https:\/\/correcta.pt\/index.php\/sobre-nos\/\"><img loading=\"lazy\" decoding=\"async\" width=\"587\" height=\"589\" src=\"https:\/\/correcta.pt\/wp-content\/uploads\/2025\/01\/image-16.jpg\" alt=\"\" class=\"wp-image-71\" style=\"aspect-ratio:3\/2;object-fit:contain\"\/><\/a><\/figure>\n<\/div>\n<\/div>\n<\/div>\n<\/div>\n\n\n<div class=\"container-fluid bg-contact\">\r\n    <div class=\"row bg-contact-row\">\r\n        <div class=\"col-md-7\">\r\n            <div class=\"bg-contact-text\">This is the first step towards finalising your project<\/div>\r\n        <\/div>\r\n        <div class=\"col-md-5\">\r\n        <a href=\"https:\/\/correcta.pt\/en\/contacto\/\" class=\"btn cro-btn hover-border-5\"><span>CONTACT US<\/span><\/a>           \r\n        <\/div>\r\n    <\/div>\r\n<\/div>","protected":false},"excerpt":{"rendered":"<p>O nosso prop\u00f3sito \u00e9 produzir elementos met\u00e1licos com qualidade e inova\u00e7\u00e3o, promovendo o desenvolvimento sustent\u00e1vel. Com efici\u00eancia produtiva e uso equilibrado de tecnologia, mantemos o compromisso com a prote\u00e7\u00e3o do ambiente, a integridade nas parcerias e o suporte \u00e0 comunidade envolvente. A nossa hist\u00f3ria Fundada em 1984 como Crespo, Silva &amp; Dias, Lda, a Correcta [&hellip;]<\/p>\n","protected":false},"author":1,"featured_media":78,"parent":0,"menu_order":0,"comment_status":"closed","ping_status":"closed","template":"","meta":{"footnotes":""},"class_list":["post-8","page","type-page","status-publish","has-post-thumbnail","hentry"],"_links":{"self":[{"href":"https:\/\/correcta.pt\/en\/wp-json\/wp\/v2\/pages\/8","targetHints":{"allow":["GET"]}}],"collection":[{"href":"https:\/\/correcta.pt\/en\/wp-json\/wp\/v2\/pages"}],"about":[{"href":"https:\/\/correcta.pt\/en\/wp-json\/wp\/v2\/types\/page"}],"author":[{"embeddable":true,"href":"https:\/\/correcta.pt\/en\/wp-json\/wp\/v2\/users\/1"}],"replies":[{"embeddable":true,"href":"https:\/\/correcta.pt\/en\/wp-json\/wp\/v2\/comments?post=8"}],"version-history":[{"count":109,"href":"https:\/\/correcta.pt\/en\/wp-json\/wp\/v2\/pages\/8\/revisions"}],"predecessor-version":[{"id":739,"href":"https:\/\/correcta.pt\/en\/wp-json\/wp\/v2\/pages\/8\/revisions\/739"}],"wp:featuredmedia":[{"embeddable":true,"href":"https:\/\/correcta.pt\/en\/wp-json\/wp\/v2\/media\/78"}],"wp:attachment":[{"href":"https:\/\/correcta.pt\/en\/wp-json\/wp\/v2\/media?parent=8"}],"curies":[{"name":"wp","href":"https:\/\/api.w.org\/{rel}","templated":true}]}}