{"id":12,"date":"2025-01-19T22:57:51","date_gmt":"2025-01-19T19:57:51","guid":{"rendered":"http:\/\/localhost\/wordpress\/?page_id=12"},"modified":"2025-04-20T17:26:27","modified_gmt":"2025-04-20T14:26:27","slug":"obras","status":"publish","type":"page","link":"https:\/\/correcta.pt\/fr\/obras\/","title":{"rendered":"Travaux"},"content":{"rendered":"<div class=\"wp-block-group p-0 is-layout-constrained wp-block-group-is-layout-constrained\">\n<div class=\"wp-block-columns is-layout-flex wp-container-core-columns-is-layout-9d6595d7 wp-block-columns-is-layout-flex\">\n<div class=\"wp-block-column is-layout-flow wp-block-column-is-layout-flow\">\n<p class=\"has-text-align-center\">Bienvenue dans notre galerie de projets r\u00e9alis\u00e9s o\u00f9 chaque pi\u00e8ce refl\u00e8te notre engagement pour la qualit\u00e9, du choix des mat\u00e9riaux \u00e0 la finition d\u00e9taill\u00e9e. Gr\u00e2ce \u00e0 des processus optimis\u00e9s et \u00e0 une ex\u00e9cution agile, nous garantissons des r\u00e9sultats alliant robustesse, esth\u00e9tique et fonctionnalit\u00e9.<\/p>\n<\/div>\n<\/div>\n<\/div>\n\n\n\n<div class=\"wp-block-columns is-layout-flex wp-container-core-columns-is-layout-9d6595d7 wp-block-columns-is-layout-flex\">\n<div class=\"wp-block-column is-layout-flow wp-block-column-is-layout-flow\">\t\t<!-- printing filters start-->\n\t\t\t\t<div class=\"row\">\n\t\t\t<div class=\"my-1 ufg-filters\">\n\t\t\t\t<div class='ufg-parent-filters'><div class='col-md-12 my-2'><button id='1evel1-all' class='ufg-all-filter-button ufg-parent-filters ufg-all-filter btn btn-sm btn-danger all mb-3 mr-2' onclick='return filter(this.id, this.value)' value='all'> Tous (13)<\/button><button id='1evel1-gradil-0' class='ufg-parent-filter-button ufg-parent-filters btn btn-sm btn-primary  mb-3 mr-2 gradil-0' onclick='return filter(this.id, this.value)' value='gradil-0'> Garde-corps<\/button><button id='1evel1-guarda-corpos-1' class='ufg-parent-filter-button ufg-parent-filters btn btn-sm btn-primary  mb-3 mr-2 guarda-corpos-1' onclick='return filter(this.id, this.value)' value='guarda-corpos-1'> Gardes du corps<\/button><button id='1evel1-veda\u00e7\u00f5es-2' class='ufg-parent-filter-button ufg-parent-filters btn btn-sm btn-primary  mb-3 mr-2 veda\u00e7\u00f5es-2' onclick='return filter(this.id, this.value)' value='veda\u00e7\u00f5es-2'> Joints<\/button><button id='1evel1-obras-de-arte-3' class='ufg-parent-filter-button ufg-parent-filters btn btn-sm btn-primary  mb-3 mr-2 obras-de-arte-3' onclick='return filter(this.id, this.value)' value='obras-de-arte-3'> \u0152uvres d'art<\/button><button id='1evel1-passadi\u00e7os-4' class='ufg-parent-filter-button ufg-parent-filters btn btn-sm btn-primary  mb-3 mr-2 passadi\u00e7os-4' onclick='return filter(this.id, this.value)' value='passadi\u00e7os-4'> Passerelles<\/button><\/div><\/div>\t\t\t<\/div>\n\t\t<\/div>\n\t\t\t\t<!-- printing filters end-->\n\t\t\n\t\t\n\t\t<input id=\"ufg_current_clicked_filter_id\" name=\"ufg_current_clicked_filter_id\" value=\"\" class=\"d-none\" placeholder=\"Filtre actuel\">\n\t\t<input id=\"ufg_current_clicked_filter_level\" name=\"ufg_current_clicked_filter_level\" value=\"\" class=\"d-none\" placeholder=\"Niveau actuel\">\n\t\t<input id=\"ufg_last_clicked_filter_id\" name=\"ufg_last_clicked_filter_id\" value=\"\" class=\"d-none\" placeholder=\"Dernier filtre\">\n\t\t<input id=\"ufg_last_clicked_filter_level\" name=\"ufg_last_clicked_filter_level\" value=\"\" class=\"d-none\" placeholder=\"Dernier niveau\">\n\t\t<input id=\"ufg_current_clicked_parent_filter_id\" name=\"ufg_current_clicked_parent_filter_id\" value=\"\" class=\"d-none\" placeholder=\"Filtre parent actuel\">\n\t\t<input id=\"ufg_last_clicked_filter_parent_id\" name=\"ufg_last_clicked_filter_parent_id\" value=\"\" class=\"d-none\" placeholder=\"Filtre du dernier parent\">\n\t\t\n\t\t<!-- printing gallery start-->\n\t\t<div class=\"row ufg-gallery\">\n\t\t\t\t\t\t\n\t\t\t<div id=\"ufg-thumbnail\" class=\"col-6 col-sm-4 col-md-4 col-lg-4 mb-4 veda\u00e7\u00f5es-2\">\n\t\t\t\t<div class=\"ufg-thumbnail-border\">\n\t\t\t\t\t\t\t\t\t\t<a href=\"https:\/\/correcta.pt\/wp-content\/uploads\/2025\/01\/image-32.jpg\" class=\"ufg-lightbox veda\u00e7\u00f5es-2\" data-title=\"Veda\u00e7\u00f5es\" data-lightbox=\"ufg-lightbox\" data-alt=\"\">\n\t\t\t\t\t\t<img decoding=\"async\" src=\"https:\/\/correcta.pt\/wp-content\/uploads\/2025\/01\/image-32.jpg\" class=\"ufg-thumbnail-img img-fluid mx-auto d-block\" alt=\"\">\n\t\t\t\t\t<\/a>\n\t\t\t\t\t\t\t\t\t\t<div class=\"ufg-image-content\">\n\t\t\t\t\t\t\t\t\t\t\t<\/div>\n\t\t\t\t<\/div>\n\t\t\t<\/div>\n\t\t\t\t\t\t\n\t\t\t<div id=\"ufg-thumbnail\" class=\"col-6 col-sm-4 col-md-4 col-lg-4 mb-4 gradil-0 fran\u00e7a-6\">\n\t\t\t\t<div class=\"ufg-thumbnail-border\">\n\t\t\t\t\t\t\t\t\t\t<a href=\"https:\/\/correcta.pt\/wp-content\/uploads\/2025\/01\/image-34.jpg\" class=\"ufg-lightbox gradil-0 fran\u00e7a-6\" data-title=\"Obras de arte\" data-lightbox=\"ufg-lightbox\" data-alt=\"\">\n\t\t\t\t\t\t<img decoding=\"async\" src=\"https:\/\/correcta.pt\/wp-content\/uploads\/2025\/01\/image-34.jpg\" class=\"ufg-thumbnail-img img-fluid mx-auto d-block\" alt=\"\">\n\t\t\t\t\t<\/a>\n\t\t\t\t\t\t\t\t\t\t<div class=\"ufg-image-content\">\n\t\t\t\t\t\t\t\t\t\t\t<\/div>\n\t\t\t\t<\/div>\n\t\t\t<\/div>\n\t\t\t\t\t\t\n\t\t\t<div id=\"ufg-thumbnail\" class=\"col-6 col-sm-4 col-md-4 col-lg-4 mb-4 guarda-corpos-1 fran\u00e7a-6\">\n\t\t\t\t<div class=\"ufg-thumbnail-border\">\n\t\t\t\t\t\t\t\t\t\t<a href=\"https:\/\/correcta.pt\/wp-content\/uploads\/2025\/04\/correcta-obras-01.jpg\" class=\"ufg-lightbox guarda-corpos-1 fran\u00e7a-6\" data-title=\"correcta-obras-01\" data-lightbox=\"ufg-lightbox\" data-alt=\"\">\n\t\t\t\t\t\t<img decoding=\"async\" src=\"https:\/\/correcta.pt\/wp-content\/uploads\/2025\/04\/correcta-obras-01-1024x683.jpg\" class=\"ufg-thumbnail-img img-fluid mx-auto d-block\" alt=\"\">\n\t\t\t\t\t<\/a>\n\t\t\t\t\t\t\t\t\t\t<div class=\"ufg-image-content\">\n\t\t\t\t\t\t\t\t\t\t\t<\/div>\n\t\t\t\t<\/div>\n\t\t\t<\/div>\n\t\t\t\t\t\t\n\t\t\t<div id=\"ufg-thumbnail\" class=\"col-6 col-sm-4 col-md-4 col-lg-4 mb-4 gradil-0 fran\u00e7a-6\">\n\t\t\t\t<div class=\"ufg-thumbnail-border\">\n\t\t\t\t\t\t\t\t\t\t<a href=\"https:\/\/correcta.pt\/wp-content\/uploads\/2025\/04\/correcta-obras-02.jpg\" class=\"ufg-lightbox gradil-0 fran\u00e7a-6\" data-title=\"correcta-obras-02\" data-lightbox=\"ufg-lightbox\" data-alt=\"\">\n\t\t\t\t\t\t<img decoding=\"async\" src=\"https:\/\/correcta.pt\/wp-content\/uploads\/2025\/04\/correcta-obras-02-1024x683.jpg\" class=\"ufg-thumbnail-img img-fluid mx-auto d-block\" alt=\"\">\n\t\t\t\t\t<\/a>\n\t\t\t\t\t\t\t\t\t\t<div class=\"ufg-image-content\">\n\t\t\t\t\t\t\t\t\t\t\t<\/div>\n\t\t\t\t<\/div>\n\t\t\t<\/div>\n\t\t\t\t\t\t\n\t\t\t<div id=\"ufg-thumbnail\" class=\"col-6 col-sm-4 col-md-4 col-lg-4 mb-4 gradil-0 guarda-corpos-1 fran\u00e7a-6\">\n\t\t\t\t<div class=\"ufg-thumbnail-border\">\n\t\t\t\t\t\t\t\t\t\t<a href=\"https:\/\/correcta.pt\/wp-content\/uploads\/2025\/04\/correcta-obras-03.jpg\" class=\"ufg-lightbox gradil-0 guarda-corpos-1 fran\u00e7a-6\" data-title=\"correcta-obras-03\" data-lightbox=\"ufg-lightbox\" data-alt=\"\">\n\t\t\t\t\t\t<img decoding=\"async\" src=\"https:\/\/correcta.pt\/wp-content\/uploads\/2025\/04\/correcta-obras-03-1024x683.jpg\" class=\"ufg-thumbnail-img img-fluid mx-auto d-block\" alt=\"\">\n\t\t\t\t\t<\/a>\n\t\t\t\t\t\t\t\t\t\t<div class=\"ufg-image-content\">\n\t\t\t\t\t\t\t\t\t\t\t<\/div>\n\t\t\t\t<\/div>\n\t\t\t<\/div>\n\t\t\t\t\t\t\n\t\t\t<div id=\"ufg-thumbnail\" class=\"col-6 col-sm-4 col-md-4 col-lg-4 mb-4 comportas-5 portugal-7\">\n\t\t\t\t<div class=\"ufg-thumbnail-border\">\n\t\t\t\t\t\t\t\t\t\t<a href=\"https:\/\/correcta.pt\/wp-content\/uploads\/2025\/04\/correcta-obras-04.jpg\" class=\"ufg-lightbox comportas-5 portugal-7\" data-title=\"correcta-obras-04\" data-lightbox=\"ufg-lightbox\" data-alt=\"\">\n\t\t\t\t\t\t<img decoding=\"async\" src=\"https:\/\/correcta.pt\/wp-content\/uploads\/2025\/04\/correcta-obras-04-1024x683.jpg\" class=\"ufg-thumbnail-img img-fluid mx-auto d-block\" alt=\"\">\n\t\t\t\t\t<\/a>\n\t\t\t\t\t\t\t\t\t\t<div class=\"ufg-image-content\">\n\t\t\t\t\t\t\t\t\t\t\t<\/div>\n\t\t\t\t<\/div>\n\t\t\t<\/div>\n\t\t\t\t\t\t\n\t\t\t<div id=\"ufg-thumbnail\" class=\"col-6 col-sm-4 col-md-4 col-lg-4 mb-4 gradil-0 guarda-corpos-1 fran\u00e7a-6\">\n\t\t\t\t<div class=\"ufg-thumbnail-border\">\n\t\t\t\t\t\t\t\t\t\t<a href=\"https:\/\/correcta.pt\/wp-content\/uploads\/2025\/04\/correcta-obras-05.jpg\" class=\"ufg-lightbox gradil-0 guarda-corpos-1 fran\u00e7a-6\" data-title=\"correcta-obras-05\" data-lightbox=\"ufg-lightbox\" data-alt=\"\">\n\t\t\t\t\t\t<img decoding=\"async\" src=\"https:\/\/correcta.pt\/wp-content\/uploads\/2025\/04\/correcta-obras-05-1024x683.jpg\" class=\"ufg-thumbnail-img img-fluid mx-auto d-block\" alt=\"\">\n\t\t\t\t\t<\/a>\n\t\t\t\t\t\t\t\t\t\t<div class=\"ufg-image-content\">\n\t\t\t\t\t\t\t\t\t\t\t<\/div>\n\t\t\t\t<\/div>\n\t\t\t<\/div>\n\t\t\t\t\t\t\n\t\t\t<div id=\"ufg-thumbnail\" class=\"col-6 col-sm-4 col-md-4 col-lg-4 mb-4 gradil-0 guarda-corpos-1 fran\u00e7a-6\">\n\t\t\t\t<div class=\"ufg-thumbnail-border\">\n\t\t\t\t\t\t\t\t\t\t<a href=\"https:\/\/correcta.pt\/wp-content\/uploads\/2025\/04\/correcta-obras-06.jpg\" class=\"ufg-lightbox gradil-0 guarda-corpos-1 fran\u00e7a-6\" data-title=\"correcta-obras-06\" data-lightbox=\"ufg-lightbox\" data-alt=\"\">\n\t\t\t\t\t\t<img decoding=\"async\" src=\"https:\/\/correcta.pt\/wp-content\/uploads\/2025\/04\/correcta-obras-06-1024x683.jpg\" class=\"ufg-thumbnail-img img-fluid mx-auto d-block\" alt=\"\">\n\t\t\t\t\t<\/a>\n\t\t\t\t\t\t\t\t\t\t<div class=\"ufg-image-content\">\n\t\t\t\t\t\t\t\t\t\t\t<\/div>\n\t\t\t\t<\/div>\n\t\t\t<\/div>\n\t\t\t\t\t\t\n\t\t\t<div id=\"ufg-thumbnail\" class=\"col-6 col-sm-4 col-md-4 col-lg-4 mb-4 gradil-0 guarda-corpos-1 veda\u00e7\u00f5es-2 fran\u00e7a-6\">\n\t\t\t\t<div class=\"ufg-thumbnail-border\">\n\t\t\t\t\t\t\t\t\t\t<a href=\"https:\/\/correcta.pt\/wp-content\/uploads\/2025\/04\/correcta-obras-07.jpg\" class=\"ufg-lightbox gradil-0 guarda-corpos-1 veda\u00e7\u00f5es-2 fran\u00e7a-6\" data-title=\"correcta-obras-07\" data-lightbox=\"ufg-lightbox\" data-alt=\"\">\n\t\t\t\t\t\t<img decoding=\"async\" src=\"https:\/\/correcta.pt\/wp-content\/uploads\/2025\/04\/correcta-obras-07-1024x683.jpg\" class=\"ufg-thumbnail-img img-fluid mx-auto d-block\" alt=\"\">\n\t\t\t\t\t<\/a>\n\t\t\t\t\t\t\t\t\t\t<div class=\"ufg-image-content\">\n\t\t\t\t\t\t\t\t\t\t\t<\/div>\n\t\t\t\t<\/div>\n\t\t\t<\/div>\n\t\t\t\t\t\t\n\t\t\t<div id=\"ufg-thumbnail\" class=\"col-6 col-sm-4 col-md-4 col-lg-4 mb-4 guarda-corpos-1 fran\u00e7a-6\">\n\t\t\t\t<div class=\"ufg-thumbnail-border\">\n\t\t\t\t\t\t\t\t\t\t<a href=\"https:\/\/correcta.pt\/wp-content\/uploads\/2025\/04\/correcta-obras-09.jpg\" class=\"ufg-lightbox guarda-corpos-1 fran\u00e7a-6\" data-title=\"correcta-obras-09\" data-lightbox=\"ufg-lightbox\" data-alt=\"\">\n\t\t\t\t\t\t<img decoding=\"async\" src=\"https:\/\/correcta.pt\/wp-content\/uploads\/2025\/04\/correcta-obras-09-1024x683.jpg\" class=\"ufg-thumbnail-img img-fluid mx-auto d-block\" alt=\"\">\n\t\t\t\t\t<\/a>\n\t\t\t\t\t\t\t\t\t\t<div class=\"ufg-image-content\">\n\t\t\t\t\t\t\t\t\t\t\t<\/div>\n\t\t\t\t<\/div>\n\t\t\t<\/div>\n\t\t\t\t\t\t\n\t\t\t<div id=\"ufg-thumbnail\" class=\"col-6 col-sm-4 col-md-4 col-lg-4 mb-4 obras-de-arte-3 portugal-7\">\n\t\t\t\t<div class=\"ufg-thumbnail-border\">\n\t\t\t\t\t\t\t\t\t\t<a href=\"https:\/\/correcta.pt\/wp-content\/uploads\/2025\/04\/correcta-obras-11.jpg\" class=\"ufg-lightbox obras-de-arte-3 portugal-7\" data-title=\"correcta-obras-11\" data-lightbox=\"ufg-lightbox\" data-alt=\"\">\n\t\t\t\t\t\t<img decoding=\"async\" src=\"https:\/\/correcta.pt\/wp-content\/uploads\/2025\/04\/correcta-obras-11-1024x683.jpg\" class=\"ufg-thumbnail-img img-fluid mx-auto d-block\" alt=\"\">\n\t\t\t\t\t<\/a>\n\t\t\t\t\t\t\t\t\t\t<div class=\"ufg-image-content\">\n\t\t\t\t\t\t\t\t\t\t\t<\/div>\n\t\t\t\t<\/div>\n\t\t\t<\/div>\n\t\t\t\t\t\t\n\t\t\t<div id=\"ufg-thumbnail\" class=\"col-6 col-sm-4 col-md-4 col-lg-4 mb-4 guarda-corpos-1 fran\u00e7a-6\">\n\t\t\t\t<div class=\"ufg-thumbnail-border\">\n\t\t\t\t\t\t\t\t\t\t<a href=\"https:\/\/correcta.pt\/wp-content\/uploads\/2025\/04\/correcta-obras-10.jpg\" class=\"ufg-lightbox guarda-corpos-1 fran\u00e7a-6\" data-title=\"correcta-obras-10\" data-lightbox=\"ufg-lightbox\" data-alt=\"\">\n\t\t\t\t\t\t<img decoding=\"async\" src=\"https:\/\/correcta.pt\/wp-content\/uploads\/2025\/04\/correcta-obras-10-1024x683.jpg\" class=\"ufg-thumbnail-img img-fluid mx-auto d-block\" alt=\"\">\n\t\t\t\t\t<\/a>\n\t\t\t\t\t\t\t\t\t\t<div class=\"ufg-image-content\">\n\t\t\t\t\t\t\t\t\t\t\t<\/div>\n\t\t\t\t<\/div>\n\t\t\t<\/div>\n\t\t\t\t\t\t\n\t\t\t<div id=\"ufg-thumbnail\" class=\"col-6 col-sm-4 col-md-4 col-lg-4 mb-4 guarda-corpos-1 fran\u00e7a-6\">\n\t\t\t\t<div class=\"ufg-thumbnail-border\">\n\t\t\t\t\t\t\t\t\t\t<a href=\"https:\/\/correcta.pt\/wp-content\/uploads\/2025\/04\/correcta-obras-12.jpg\" class=\"ufg-lightbox guarda-corpos-1 fran\u00e7a-6\" data-title=\"correcta-obras-12\" data-lightbox=\"ufg-lightbox\" data-alt=\"\">\n\t\t\t\t\t\t<img decoding=\"async\" src=\"https:\/\/correcta.pt\/wp-content\/uploads\/2025\/04\/correcta-obras-12-1024x683.jpg\" class=\"ufg-thumbnail-img img-fluid mx-auto d-block\" alt=\"\">\n\t\t\t\t\t<\/a>\n\t\t\t\t\t\t\t\t\t\t<div class=\"ufg-image-content\">\n\t\t\t\t\t\t\t\t\t\t\t<\/div>\n\t\t\t\t<\/div>\n\t\t\t<\/div>\n\t\t\t\t\t\n\t\t<script>\n\t\tjQuery('button.ufg-level-one-button').fadeOut(); \/\/hide all level 1 buttons\n\t\t\n\t\tfunction filter(id, value) {\n\t\t\t\/\/console.log(id); *\/\n\t\t\t\/\/console.log(value); *\/\n\t\t\tvar ufg_btn_text = \"\";\n\t\t\tvar ufg_btn_text2 = \"\";\n\t\t\tvar ufg_current_clicked_filter_id = \"\";\n\t\t\tvar ufg_current_clicked_filter_level = \"\";\n\t\t\tvar ufg_last_clicked_filter_id = \"\";\n\t\t\tvar ufg_last_clicked_filter_level = \"\";\n\t\t\tvar ufg_last_clicked_filter_parent_id = \"\";\n\t\t\t\n\t\t\tufg_current_clicked_filter_id = jQuery(\"#ufg_current_clicked_filter_id\").val(); \/* get last clicked filter id *\/\n\t\t\tufg_current_clicked_filter_level = jQuery(\"#ufg_current_clicked_filter_level\").val(); \/* set current clicked filter level*\/\n\t\t\tufg_last_clicked_filter_id = jQuery(\"#ufg_last_clicked_filter_id\").val(); \/* get last clicked filter id*\/\n\t\t\tufg_last_clicked_filter_level = jQuery(\"#ufg_last_clicked_filter_level\").val(); \/* get last clicked filter level*\/\n\t\t\t\n\t\t\tufg_current_clicked_parent_filter_id = jQuery(\"#ufg_current_clicked_parent_filter_id\").val(); \/* get current clicked parent filter id*\/\n\t\t\tufg_last_clicked_filter_parent_id = jQuery(\"#ufg_last_clicked_filter_parent_id\").val(); \/* get last clicked parent filter id*\/\n\t\t\t\n\t\t\t\/* set current - initials case *\/\n\t\t\tif(ufg_current_clicked_filter_id == \"\") {\n\t\t\t\t\/\/get current clicked filter level *\/\n\t\t\t\t\/\/console.log(id.match(\"1evel1\")); *\/\n\t\t\t\tif(id.match(\"1evel1\")){ ufg_current_clicked_filter_level = \"1evel1\"; }\n\t\t\t\t\/\/console.log(ufg_current_clicked_filter_level); *\/\n\t\t\t\tif(id.match(\"level2\")){ ufg_current_clicked_filter_level = \"level2\"; }\n\t\t\t\t\/\/console.log(ufg_current_clicked_filter_level); *\/\n\t\t\t\tif(id.match(\"level3\")){ ufg_current_clicked_filter_level = \"level3\"; }\n\t\t\t\t\/\/console.log(ufg_current_clicked_filter_level); *\/\n\t\t\t\t\n\t\t\t\t\/* set filter id and get *\/\n\t\t\t\tjQuery(\"#ufg_current_clicked_filter_id\").val(id);\n\t\t\t\tjQuery(\"#ufg_current_clicked_filter_level\").val(ufg_current_clicked_filter_level);\n\t\t\t\t\n\t\t\t\tjQuery(\"#ufg_last_clicked_filter_id\").val(id);\n\t\t\t\tjQuery(\"#ufg_last_clicked_filter_level\").val(ufg_current_clicked_filter_level);\n\t\t\t\t\n\t\t\t\tconsole.log(ufg_last_clicked_filter_parent_id);\n\t\t\t\tif(ufg_current_clicked_filter_level == \"1evel1\") {\n\t\t\t\t\tjQuery(\"#ufg_last_clicked_filter_parent_id\").val(id);\n\t\t\t\t}\n\t\t\t\t\n\t\t\t\t\/* set current last clicked parent filter id *\/\n\t\t\t\tjQuery(\"#ufg_current_clicked_parent_filter_id\").val(id);\n\t\t\t\tjQuery(\"#ufg_last_clicked_filter_parent_id\").val(id);\n\t\t\t\t\n\t\t\t} else {\n\t\t\t\t\n\t\t\t\t\/* transfer current filter to last filter (transfer before getting filter level) *\/\n\t\t\t\tjQuery(\"#ufg_last_clicked_filter_id\").val(ufg_current_clicked_filter_id);\n\t\t\t\tjQuery(\"#ufg_last_clicked_filter_level\").val(ufg_current_clicked_filter_level);\n\t\t\t\t\n\t\t\t\t\/\/get current clicked filter level *\/\n\t\t\t\t\/\/console.log(id.match(\"1evel1\")); *\/\n\t\t\t\tif(id.match(\"1evel1\")){ ufg_current_clicked_filter_level = \"1evel1\"; }\n\t\t\t\t\/\/console.log(ufg_current_clicked_filter_level); *\/\n\t\t\t\tif(id.match(\"level2\")){ ufg_current_clicked_filter_level = \"level2\"; }\n\t\t\t\t\/\/console.log(ufg_current_clicked_filter_level); *\/\n\t\t\t\tif(id.match(\"level3\")){ ufg_current_clicked_filter_level = \"level3\"; }\n\t\t\t\t\/\/console.log(ufg_current_clicked_filter_level); *\/\n\t\t\t\t\n\t\t\t\t\/* set current filters *\/\n\t\t\t\tjQuery(\"#ufg_current_clicked_filter_id\").val(id);\n\t\t\t\tjQuery(\"#ufg_current_clicked_filter_level\").val(ufg_current_clicked_filter_level);\n\t\t\t\t\n\t\t\t\tufg_last_clicked_filter_id = jQuery(\"#ufg_last_clicked_filter_id\").val(); \/* get last clicked filter id *\/\n\t\t\t\tufg_last_clicked_filter_level = jQuery(\"#ufg_last_clicked_filter_level\").val(); \/* get last clicked filter level *\/\n\t\t\t\t\n\t\t\t\t\/* remove check icon on last clicked filter - if same level2 filter button clicked *\/\n\t\t\t\tif(ufg_current_clicked_filter_level == \"level2\" && ufg_last_clicked_filter_level == \"level2\"){\n\t\t\t\t\t\/* remove check icon from last clicked filter button *\/\n\t\t\t\t\tufg_btn_text = jQuery(\"#\" + ufg_last_clicked_filter_id).html(); \/* get html value *\/\n\t\t\t\t\t\/\/console.log(ufg_btn_text);\n\t\t\t\t\tufg_btn_text = ufg_btn_text.replace(' <i class=\"fas fa-check\"><\/i>', ''); \/* remove icon *\/\n\t\t\t\t\t\/\/console.log(ufg_btn_text);\n\t\t\t\t\tjQuery(\"#\" + ufg_last_clicked_filter_id).html(ufg_btn_text); \/* set remove icon *\/\n\t\t\t\t}\n\t\t\t\t\n\t\t\t\t\/* when transferring filter from level2 to level1 *\/\n\t\t\t\tif(ufg_current_clicked_filter_level === \"1evel1\") {\n\t\t\t\t\t\/* transfer last clicked parent filter id to current  *\/\n\t\t\t\t\tjQuery(\"#ufg_current_clicked_parent_filter_id\").val(id);\n\t\t\t\t\tjQuery(\"#ufg_last_clicked_parent_filter_id\").val(ufg_current_clicked_parent_filter_id);\n\t\t\t\t\t\n\t\t\t\t\t\/* remove check icon from last clicked filter button *\/\n\t\t\t\t\tufg_btn_text = jQuery(\"#\" + ufg_current_clicked_parent_filter_id).html(); \/* get html value *\/\n\t\t\t\t\t\/\/console.log(ufg_btn_text);\n\t\t\t\t\tufg_btn_text = ufg_btn_text.replace(' <i class=\"fas fa-check\"><\/i>', ''); \/* remove icon *\/\n\t\t\t\t\t\/\/console.log(ufg_btn_text);\n\t\t\t\t\tjQuery(\"#\" + ufg_current_clicked_parent_filter_id).html(ufg_btn_text); \/* set remove icon *\/\n\t\t\t\t\t\n\t\t\t\t\t\/* remove check icon from last clicked first filter button *\/\n\t\t\t\t\tufg_btn_text = jQuery(\"#\" + ufg_last_clicked_filter_id).html(); \/* get html value *\/\n\t\t\t\t\t\/\/console.log(ufg_btn_text);\n\t\t\t\t\tufg_btn_text = ufg_btn_text.replace(' <i class=\"fas fa-check\"><\/i>', ''); \/* remove icon *\/\n\t\t\t\t\t\/\/console.log(ufg_btn_text);\n\t\t\t\t\tjQuery(\"#\" + ufg_last_clicked_filter_id).html(ufg_btn_text); \/* set remove icon *\/\n\t\t\t\t}\n\t\t\t}\n\t\t\t\n\t\t\t\/* add check icon on current clicked filter *\/\n\t\t\tufg_btn_text = jQuery(\"#\" + id).html(); \/* get html value *\/\n\t\t\t\/\/console.log(ufg_btn_text);\n\t\t\tjQuery(\"#\" + id).html(ufg_btn_text + ' <i class=\"fas fa-check\"><\/i>');\n\t\t\t\n\t\t\t\/* hide all level 2 button *\/\n\t\t\tif(ufg_current_clicked_filter_level != \"level2\"){ \/* display only level on filter accordingly parent filters clicked *\/\n\t\t\t\tjQuery('button.ufg-level-one-button').fadeOut(); \/\/hide all level 1 buttons *\/\n\t\t\t}\n\t\t\t\n\t\t\t\/\/filtering *\/\n\t\t\tif(value == \"all\") {\n\t\t\t\t\/* show all filters *\/\n\t\t\t\tjQuery('button.ufg-parent-filters ').fadeIn( \"slow\" ); \/\/display all filters *\/\n\t\t\t\t\n\t\t\t\t\/* show all images *\/\n\t\t\t\tjQuery('div#ufg-thumbnail').fadeIn( \"slow\" ); \/\/display all images *\/\n\t\t\t\t\n\t\t\t\t\/* lightbox - remove data attribute and dynamic add lightbox data-lightbox to anchor tag *\/\n\t\t\t\t\t\t\t\tjQuery('.ufg-lightbox').removeData();\n\t\t\t\tjQuery('.ufg-lightbox').attr('data-lightbox', 'ufg-lightbox'); \/* add data-lightbox for all images cycle in lightbox *\/\n\t\t\t\t\t\t\t} else {\n\t\t\t\t\/* remove data-lightbox attribute from all ufg-thumbnail *\/\n\t\t\t\t\t\t\t\tjQuery('a.ufg-lightbox').removeAttr('data-lightbox');\n\t\t\t\t\t\t\t\t\n\t\t\t\t\/* show hide images *\/\n\t\t\t\tjQuery('div#ufg-thumbnail').fadeOut( \"slow\" ); \/\/hide all visible images *\/\n\t\t\t\tjQuery('div.' + value).fadeIn( \"slow\" ); \/\/display only clicked images \/\/and filters button *\/\n\t\t\t\tjQuery('button.' + value).fadeIn( \"slow\" ); \/\/display only clicked filters button and images *\/\n\t\t\t\t\n\t\t\t\t\/* dynamically add lightbox data-filter classes accordingly parent and sub filter clicked *\/\n\t\t\t\t\t\t\t\tvar lighbox_class_name = \"ufg-lightbox-\" + value;\n\t\t\t\tjQuery('.' + value ).attr('data-lightbox', lighbox_class_name); \/* add data filter for parent filters *\/\n\t\t\t\t\t\t\t}\n\t\t}\n\n\t\t\t\tjQuery(document).ready(function(){\n\t\t\tlightbox.option({\n\t\t\t\t'fadeDuration' : 600,\n\t\t\t\t'fitImagesInViewport' : true,\n\t\t\t\t'imageFadeDuration' : 600,\n\t\t\t\t'positionFromTop' : 50,\n\t\t\t\t'resizeDuration' : 700,\n\t\t\t\t'wrapAround': true,\n\t\t\t});\n\t\t});\n\t\t\t\t<\/script>\n\t\t\t\t<\/div>\n\t\t<!-- printing gallery end-->\n\t\t\n\t\t<style>\n\t\t.ufg-all-filter-button {\n\t\t\tcolor: #000100 !important;\n\t\t\tbackground-color: #ffffff !important;\n\t\t\tborder-color: #ffffff !important;\n\t\t}\n\t\t.ufg-parent-filter-button {\n\t\t\tcolor: #000100 !important;\n\t\t\tbackground-color: #ffffff !important;\n\t\t\tborder-color: #ffffff !important;\n\t\t}\n\t\t.ufg-level-one-button {\n\t\t\tcolor: #6C757D !important;\n\t\t\tbackground-color: #0069D9 !important;\n\t\t\tborder-color: #0069D9 !important;\n\t\t}\n\t\t.ufg-thumbnail-border {\n\t\t\t\t\t\tborder-radius: 0.25rem !important;\n\t\t}\n\t\t.ufg-image-title {\n\t\t\tfont-size: 24px !important;\n\t\t\tcolor: #FFFFFF !important;\n\t\t\tbackground-color: #000000 !important;\n\t\t}\n\t\t<\/style>\n\t\t\n<\/div>\n<\/div>\n\n\n<div class=\"container-fluid bg-contact\">\r\n    <div class=\"row bg-contact-row\">\r\n        <div class=\"col-md-7\">\r\n            <div class=\"bg-contact-text\">Il s'agit de la premi\u00e8re \u00e9tape vers la finalisation de votre projet.<\/div>\r\n        <\/div>\r\n        <div class=\"col-md-5\">\r\n        <a href=\"https:\/\/correcta.pt\/fr\/contacto\/\" class=\"btn cro-btn hover-border-5\"><span>CONTACTEZ-NOUS<\/span><\/a>           \r\n        <\/div>\r\n    <\/div>\r\n<\/div>","protected":false},"excerpt":{"rendered":"<p>Bienvenue dans notre galerie de projets r\u00e9alis\u00e9s o\u00f9 chaque pi\u00e8ce refl\u00e8te notre engagement pour la qualit\u00e9, du choix des mat\u00e9riaux \u00e0 la finition d\u00e9taill\u00e9e. Gr\u00e2ce \u00e0 des processus optimis\u00e9s et \u00e0 une ex\u00e9cution agile, nous garantissons des r\u00e9sultats alliant robustesse, esth\u00e9tique et fonctionnalit\u00e9.<\/p>","protected":false},"author":1,"featured_media":113,"parent":0,"menu_order":0,"comment_status":"closed","ping_status":"closed","template":"","meta":{"footnotes":""},"class_list":["post-12","page","type-page","status-publish","has-post-thumbnail","hentry"],"_links":{"self":[{"href":"https:\/\/correcta.pt\/fr\/wp-json\/wp\/v2\/pages\/12","targetHints":{"allow":["GET"]}}],"collection":[{"href":"https:\/\/correcta.pt\/fr\/wp-json\/wp\/v2\/pages"}],"about":[{"href":"https:\/\/correcta.pt\/fr\/wp-json\/wp\/v2\/types\/page"}],"author":[{"embeddable":true,"href":"https:\/\/correcta.pt\/fr\/wp-json\/wp\/v2\/users\/1"}],"replies":[{"embeddable":true,"href":"https:\/\/correcta.pt\/fr\/wp-json\/wp\/v2\/comments?post=12"}],"version-history":[{"count":20,"href":"https:\/\/correcta.pt\/fr\/wp-json\/wp\/v2\/pages\/12\/revisions"}],"predecessor-version":[{"id":683,"href":"https:\/\/correcta.pt\/fr\/wp-json\/wp\/v2\/pages\/12\/revisions\/683"}],"wp:featuredmedia":[{"embeddable":true,"href":"https:\/\/correcta.pt\/fr\/wp-json\/wp\/v2\/media\/113"}],"wp:attachment":[{"href":"https:\/\/correcta.pt\/fr\/wp-json\/wp\/v2\/media?parent=12"}],"curies":[{"name":"wp","href":"https:\/\/api.w.org\/{rel}","templated":true}]}}