{"id":14,"date":"2025-01-19T22:58:23","date_gmt":"2025-01-19T19:58:23","guid":{"rendered":"http:\/\/localhost\/wordpress\/?page_id=14"},"modified":"2025-04-15T15:51:48","modified_gmt":"2025-04-15T12:51:48","slug":"estaleiro","status":"publish","type":"page","link":"https:\/\/correcta.pt\/fr\/estaleiro\/","title":{"rendered":"Chantier naval"},"content":{"rendered":"<div class=\"wp-block-columns is-layout-flex wp-container-core-columns-is-layout-9d6595d7 wp-block-columns-is-layout-flex\">\n<div class=\"wp-block-column is-layout-flow wp-block-column-is-layout-flow\">\n<h2 class=\"wp-block-heading has-text-align-center Estaleiro-title\"><strong>Construction et r\u00e9paration navales<\/strong><\/h2>\n<\/div>\n<\/div>\n\n\n\n<div class=\"wp-block-group p-0 is-layout-constrained wp-block-group-is-layout-constrained\">\n<div class=\"wp-block-columns are-vertically-aligned-center is-layout-flex wp-container-core-columns-is-layout-9d6595d7 wp-block-columns-is-layout-flex\">\n<div class=\"wp-block-column is-vertically-aligned-center is-layout-flow wp-block-column-is-layout-flow\">\n<figure class=\"wp-block-image aligncenter size-full\"><img loading=\"lazy\" decoding=\"async\" width=\"856\" height=\"790\" src=\"https:\/\/correcta.pt\/wp-content\/uploads\/2025\/04\/correcta-estanaval-02.jpg\" alt=\"\" class=\"wp-image-603\" srcset=\"https:\/\/correcta.pt\/wp-content\/uploads\/2025\/04\/correcta-estanaval-02.jpg 856w, https:\/\/correcta.pt\/wp-content\/uploads\/2025\/04\/correcta-estanaval-02-300x277.jpg 300w, https:\/\/correcta.pt\/wp-content\/uploads\/2025\/04\/correcta-estanaval-02-768x709.jpg 768w, https:\/\/correcta.pt\/wp-content\/uploads\/2025\/04\/correcta-estanaval-02-13x12.jpg 13w\" sizes=\"auto, (max-width: 856px) 100vw, 856px\" \/><\/figure>\n<\/div>\n\n\n\n<div class=\"wp-block-column is-vertically-aligned-center is-layout-flow wp-block-column-is-layout-flow\">\n<h2 class=\"wp-block-heading\"><strong>ESTANAVAL<\/strong><\/h2>\n\n\n\n<p>En activit\u00e9 depuis 2005, Estanaval Constru\u00e7\u00e3o e Repara\u00e7\u00e3o de Navios a \u00e9t\u00e9 rachet\u00e9 en mai 2021 par CORRECTA Metal Lda, qui dirige aujourd'hui les activit\u00e9s du chantier naval, apr\u00e8s avoir r\u00e9ussi \u00e0 lui donner une dimension et une visibilit\u00e9 bien sup\u00e9rieures \u00e0 celles qu'il avait d\u00e9j\u00e0. Les activit\u00e9s d'ESTANAVAL se sont \u00e9tendues \u00e0 l'entretien et \u00e0 la r\u00e9paration de navires de plaisance, de MT et \u00e0 la construction d'embarcations de plaisance. <\/p>\n\n\n\n<p>L'activit\u00e9 d'ESTANAVAL s'est \u00e9tendue \u00e0 l'entretien et \u00e0 la r\u00e9paration de bateaux de plaisance, de MT et \u00e0 la construction de bateaux en acier, contrairement \u00e0 la d\u00e9molition syst\u00e9matique des bateaux de p\u00eache en bois.<\/p>\n<\/div>\n<\/div>\n<\/div>\n\n\n\n<div class=\"wp-block-group full-bg-column is-layout-constrained wp-block-group-is-layout-constrained\">\n<div class=\"wp-block-columns is-layout-flex wp-container-core-columns-is-layout-9d6595d7 wp-block-columns-is-layout-flex\">\n<div class=\"wp-block-column is-layout-flow wp-block-column-is-layout-flow\">\n\t\t<!-- printing filters start-->\n\t\t\t\t<div class=\"row\">\n\t\t\t<div class=\"my-1 ufg-filters\">\n\t\t\t\t\t\t\t<\/div>\n\t\t<\/div>\n\t\t\t\t<!-- printing filters end-->\n\t\t\n\t\t\n\t\t<input id=\"ufg_current_clicked_filter_id\" name=\"ufg_current_clicked_filter_id\" value=\"\" class=\"d-none\" placeholder=\"Filtre actuel\">\n\t\t<input id=\"ufg_current_clicked_filter_level\" name=\"ufg_current_clicked_filter_level\" value=\"\" class=\"d-none\" placeholder=\"Niveau actuel\">\n\t\t<input id=\"ufg_last_clicked_filter_id\" name=\"ufg_last_clicked_filter_id\" value=\"\" class=\"d-none\" placeholder=\"Dernier filtre\">\n\t\t<input id=\"ufg_last_clicked_filter_level\" name=\"ufg_last_clicked_filter_level\" value=\"\" class=\"d-none\" placeholder=\"Dernier niveau\">\n\t\t<input id=\"ufg_current_clicked_parent_filter_id\" name=\"ufg_current_clicked_parent_filter_id\" value=\"\" class=\"d-none\" placeholder=\"Filtre parent actuel\">\n\t\t<input id=\"ufg_last_clicked_filter_parent_id\" name=\"ufg_last_clicked_filter_parent_id\" value=\"\" class=\"d-none\" placeholder=\"Filtre du dernier parent\">\n\t\t\n\t\t<!-- printing gallery start-->\n\t\t<div class=\"row ufg-gallery\">\n\t\t\t\t\t\t\n\t\t\t<div id=\"ufg-thumbnail\" class=\"col-6 col-sm-4 col-md-4 col-lg-4 mb-4\">\n\t\t\t\t<div class=\"ufg-thumbnail-border\">\n\t\t\t\t\t\t\t\t\t\t<a href=\"https:\/\/correcta.pt\/wp-content\/uploads\/2025\/04\/estanaval-estaleiro-02.jpg\" class=\"ufg-lightbox\" data-title=\"estanaval-estaleiro-02\" data-lightbox=\"ufg-lightbox\" data-alt=\"\">\n\t\t\t\t\t\t<img decoding=\"async\" src=\"https:\/\/correcta.pt\/wp-content\/uploads\/2025\/04\/estanaval-estaleiro-02-1024x683.jpg\" class=\"ufg-thumbnail-img img-fluid mx-auto d-block\" alt=\"\">\n\t\t\t\t\t<\/a>\n\t\t\t\t\t\t\t\t\t\t<div class=\"ufg-image-content\">\n\t\t\t\t\t\t\t\t\t\t\t<\/div>\n\t\t\t\t<\/div>\n\t\t\t<\/div>\n\t\t\t\t\t\t\n\t\t\t<div id=\"ufg-thumbnail\" class=\"col-6 col-sm-4 col-md-4 col-lg-4 mb-4\">\n\t\t\t\t<div class=\"ufg-thumbnail-border\">\n\t\t\t\t\t\t\t\t\t\t<a href=\"https:\/\/correcta.pt\/wp-content\/uploads\/2025\/04\/estanaval-estaleiro-00.jpg\" class=\"ufg-lightbox\" data-title=\"estanaval-estaleiro-00\" data-lightbox=\"ufg-lightbox\" data-alt=\"\">\n\t\t\t\t\t\t<img decoding=\"async\" src=\"https:\/\/correcta.pt\/wp-content\/uploads\/2025\/04\/estanaval-estaleiro-00-1024x683.jpg\" class=\"ufg-thumbnail-img img-fluid mx-auto d-block\" alt=\"\">\n\t\t\t\t\t<\/a>\n\t\t\t\t\t\t\t\t\t\t<div class=\"ufg-image-content\">\n\t\t\t\t\t\t\t\t\t\t\t<\/div>\n\t\t\t\t<\/div>\n\t\t\t<\/div>\n\t\t\t\t\t\t\n\t\t\t<div id=\"ufg-thumbnail\" class=\"col-6 col-sm-4 col-md-4 col-lg-4 mb-4\">\n\t\t\t\t<div class=\"ufg-thumbnail-border\">\n\t\t\t\t\t\t\t\t\t\t<a href=\"https:\/\/correcta.pt\/wp-content\/uploads\/2025\/04\/estanaval-estaleiro-01.jpg\" class=\"ufg-lightbox\" data-title=\"estanaval-estaleiro-01\" data-lightbox=\"ufg-lightbox\" data-alt=\"\">\n\t\t\t\t\t\t<img decoding=\"async\" src=\"https:\/\/correcta.pt\/wp-content\/uploads\/2025\/04\/estanaval-estaleiro-01-1024x683.jpg\" class=\"ufg-thumbnail-img img-fluid mx-auto d-block\" alt=\"\">\n\t\t\t\t\t<\/a>\n\t\t\t\t\t\t\t\t\t\t<div class=\"ufg-image-content\">\n\t\t\t\t\t\t\t\t\t\t\t<\/div>\n\t\t\t\t<\/div>\n\t\t\t<\/div>\n\t\t\t\t\t\t\n\t\t\t<div id=\"ufg-thumbnail\" class=\"col-6 col-sm-4 col-md-4 col-lg-4 mb-4\">\n\t\t\t\t<div class=\"ufg-thumbnail-border\">\n\t\t\t\t\t\t\t\t\t\t<a href=\"https:\/\/correcta.pt\/wp-content\/uploads\/2025\/04\/estanaval-estaleiro-03.jpg\" class=\"ufg-lightbox\" data-title=\"estanaval-estaleiro-03\" data-lightbox=\"ufg-lightbox\" data-alt=\"\">\n\t\t\t\t\t\t<img decoding=\"async\" src=\"https:\/\/correcta.pt\/wp-content\/uploads\/2025\/04\/estanaval-estaleiro-03-1024x683.jpg\" class=\"ufg-thumbnail-img img-fluid mx-auto d-block\" alt=\"\">\n\t\t\t\t\t<\/a>\n\t\t\t\t\t\t\t\t\t\t<div class=\"ufg-image-content\">\n\t\t\t\t\t\t\t\t\t\t\t<\/div>\n\t\t\t\t<\/div>\n\t\t\t<\/div>\n\t\t\t\t\t\t\n\t\t\t<div id=\"ufg-thumbnail\" class=\"col-6 col-sm-4 col-md-4 col-lg-4 mb-4\">\n\t\t\t\t<div class=\"ufg-thumbnail-border\">\n\t\t\t\t\t\t\t\t\t\t<a href=\"https:\/\/correcta.pt\/wp-content\/uploads\/2025\/04\/estanaval-estaleiro-05.jpg\" class=\"ufg-lightbox\" data-title=\"estanaval-estaleiro-05\" data-lightbox=\"ufg-lightbox\" data-alt=\"\">\n\t\t\t\t\t\t<img decoding=\"async\" src=\"https:\/\/correcta.pt\/wp-content\/uploads\/2025\/04\/estanaval-estaleiro-05-1024x683.jpg\" class=\"ufg-thumbnail-img img-fluid mx-auto d-block\" alt=\"\">\n\t\t\t\t\t<\/a>\n\t\t\t\t\t\t\t\t\t\t<div class=\"ufg-image-content\">\n\t\t\t\t\t\t\t\t\t\t\t<\/div>\n\t\t\t\t<\/div>\n\t\t\t<\/div>\n\t\t\t\t\t\t\n\t\t\t<div id=\"ufg-thumbnail\" class=\"col-6 col-sm-4 col-md-4 col-lg-4 mb-4\">\n\t\t\t\t<div class=\"ufg-thumbnail-border\">\n\t\t\t\t\t\t\t\t\t\t<a href=\"https:\/\/correcta.pt\/wp-content\/uploads\/2025\/04\/estanaval-estaleiro-04.jpg\" class=\"ufg-lightbox\" data-title=\"estanaval-estaleiro-04\" data-lightbox=\"ufg-lightbox\" data-alt=\"\">\n\t\t\t\t\t\t<img decoding=\"async\" src=\"https:\/\/correcta.pt\/wp-content\/uploads\/2025\/04\/estanaval-estaleiro-04-1024x683.jpg\" class=\"ufg-thumbnail-img img-fluid mx-auto d-block\" alt=\"\">\n\t\t\t\t\t<\/a>\n\t\t\t\t\t\t\t\t\t\t<div class=\"ufg-image-content\">\n\t\t\t\t\t\t\t\t\t\t\t<\/div>\n\t\t\t\t<\/div>\n\t\t\t<\/div>\n\t\t\t\t\t\t\n\t\t\t<div id=\"ufg-thumbnail\" class=\"col-6 col-sm-4 col-md-4 col-lg-4 mb-4\">\n\t\t\t\t<div class=\"ufg-thumbnail-border\">\n\t\t\t\t\t\t\t\t\t\t<a href=\"https:\/\/correcta.pt\/wp-content\/uploads\/2025\/04\/estanaval-estaleiro-06.jpg\" class=\"ufg-lightbox\" data-title=\"estanaval-estaleiro-06\" data-lightbox=\"ufg-lightbox\" data-alt=\"\">\n\t\t\t\t\t\t<img decoding=\"async\" src=\"https:\/\/correcta.pt\/wp-content\/uploads\/2025\/04\/estanaval-estaleiro-06-1024x683.jpg\" class=\"ufg-thumbnail-img img-fluid mx-auto d-block\" alt=\"\">\n\t\t\t\t\t<\/a>\n\t\t\t\t\t\t\t\t\t\t<div class=\"ufg-image-content\">\n\t\t\t\t\t\t\t\t\t\t\t<\/div>\n\t\t\t\t<\/div>\n\t\t\t<\/div>\n\t\t\t\t\t\t\n\t\t\t<div id=\"ufg-thumbnail\" class=\"col-6 col-sm-4 col-md-4 col-lg-4 mb-4\">\n\t\t\t\t<div class=\"ufg-thumbnail-border\">\n\t\t\t\t\t\t\t\t\t\t<a href=\"https:\/\/correcta.pt\/wp-content\/uploads\/2025\/04\/estanaval-estaleiro-07.jpg\" class=\"ufg-lightbox\" data-title=\"estanaval-estaleiro-07\" data-lightbox=\"ufg-lightbox\" data-alt=\"\">\n\t\t\t\t\t\t<img decoding=\"async\" src=\"https:\/\/correcta.pt\/wp-content\/uploads\/2025\/04\/estanaval-estaleiro-07-1024x683.jpg\" class=\"ufg-thumbnail-img img-fluid mx-auto d-block\" alt=\"\">\n\t\t\t\t\t<\/a>\n\t\t\t\t\t\t\t\t\t\t<div class=\"ufg-image-content\">\n\t\t\t\t\t\t\t\t\t\t\t<\/div>\n\t\t\t\t<\/div>\n\t\t\t<\/div>\n\t\t\t\t\t\t\n\t\t\t<div id=\"ufg-thumbnail\" class=\"col-6 col-sm-4 col-md-4 col-lg-4 mb-4\">\n\t\t\t\t<div class=\"ufg-thumbnail-border\">\n\t\t\t\t\t\t\t\t\t\t<a href=\"https:\/\/correcta.pt\/wp-content\/uploads\/2025\/04\/estanaval-estaleiro-08.jpg\" class=\"ufg-lightbox\" data-title=\"estanaval-estaleiro-08\" data-lightbox=\"ufg-lightbox\" data-alt=\"\">\n\t\t\t\t\t\t<img decoding=\"async\" src=\"https:\/\/correcta.pt\/wp-content\/uploads\/2025\/04\/estanaval-estaleiro-08-1024x683.jpg\" class=\"ufg-thumbnail-img img-fluid mx-auto d-block\" alt=\"\">\n\t\t\t\t\t<\/a>\n\t\t\t\t\t\t\t\t\t\t<div class=\"ufg-image-content\">\n\t\t\t\t\t\t\t\t\t\t\t<\/div>\n\t\t\t\t<\/div>\n\t\t\t<\/div>\n\t\t\t\t\t\t\n\t\t\t<div id=\"ufg-thumbnail\" class=\"col-6 col-sm-4 col-md-4 col-lg-4 mb-4\">\n\t\t\t\t<div class=\"ufg-thumbnail-border\">\n\t\t\t\t\t\t\t\t\t\t<a href=\"https:\/\/correcta.pt\/wp-content\/uploads\/2025\/04\/estanaval-estaleiro-09.jpg\" class=\"ufg-lightbox\" data-title=\"estanaval-estaleiro-09\" data-lightbox=\"ufg-lightbox\" data-alt=\"\">\n\t\t\t\t\t\t<img decoding=\"async\" src=\"https:\/\/correcta.pt\/wp-content\/uploads\/2025\/04\/estanaval-estaleiro-09-1024x683.jpg\" class=\"ufg-thumbnail-img img-fluid mx-auto d-block\" alt=\"\">\n\t\t\t\t\t<\/a>\n\t\t\t\t\t\t\t\t\t\t<div class=\"ufg-image-content\">\n\t\t\t\t\t\t\t\t\t\t\t<\/div>\n\t\t\t\t<\/div>\n\t\t\t<\/div>\n\t\t\t\t\t\n\t\t<script>\n\t\tjQuery('button.ufg-level-one-button').fadeOut(); \/\/hide all level 1 buttons\n\t\t\n\t\tfunction filter(id, value) {\n\t\t\t\/\/console.log(id); *\/\n\t\t\t\/\/console.log(value); *\/\n\t\t\tvar ufg_btn_text = \"\";\n\t\t\tvar ufg_btn_text2 = \"\";\n\t\t\tvar ufg_current_clicked_filter_id = \"\";\n\t\t\tvar ufg_current_clicked_filter_level = \"\";\n\t\t\tvar ufg_last_clicked_filter_id = \"\";\n\t\t\tvar ufg_last_clicked_filter_level = \"\";\n\t\t\tvar ufg_last_clicked_filter_parent_id = \"\";\n\t\t\t\n\t\t\tufg_current_clicked_filter_id = jQuery(\"#ufg_current_clicked_filter_id\").val(); \/* get last clicked filter id *\/\n\t\t\tufg_current_clicked_filter_level = jQuery(\"#ufg_current_clicked_filter_level\").val(); \/* set current clicked filter level*\/\n\t\t\tufg_last_clicked_filter_id = jQuery(\"#ufg_last_clicked_filter_id\").val(); \/* get last clicked filter id*\/\n\t\t\tufg_last_clicked_filter_level = jQuery(\"#ufg_last_clicked_filter_level\").val(); \/* get last clicked filter level*\/\n\t\t\t\n\t\t\tufg_current_clicked_parent_filter_id = jQuery(\"#ufg_current_clicked_parent_filter_id\").val(); \/* get current clicked parent filter id*\/\n\t\t\tufg_last_clicked_filter_parent_id = jQuery(\"#ufg_last_clicked_filter_parent_id\").val(); \/* get last clicked parent filter id*\/\n\t\t\t\n\t\t\t\/* set current - initials case *\/\n\t\t\tif(ufg_current_clicked_filter_id == \"\") {\n\t\t\t\t\/\/get current clicked filter level *\/\n\t\t\t\t\/\/console.log(id.match(\"1evel1\")); *\/\n\t\t\t\tif(id.match(\"1evel1\")){ ufg_current_clicked_filter_level = \"1evel1\"; }\n\t\t\t\t\/\/console.log(ufg_current_clicked_filter_level); *\/\n\t\t\t\tif(id.match(\"level2\")){ ufg_current_clicked_filter_level = \"level2\"; }\n\t\t\t\t\/\/console.log(ufg_current_clicked_filter_level); *\/\n\t\t\t\tif(id.match(\"level3\")){ ufg_current_clicked_filter_level = \"level3\"; }\n\t\t\t\t\/\/console.log(ufg_current_clicked_filter_level); *\/\n\t\t\t\t\n\t\t\t\t\/* set filter id and get *\/\n\t\t\t\tjQuery(\"#ufg_current_clicked_filter_id\").val(id);\n\t\t\t\tjQuery(\"#ufg_current_clicked_filter_level\").val(ufg_current_clicked_filter_level);\n\t\t\t\t\n\t\t\t\tjQuery(\"#ufg_last_clicked_filter_id\").val(id);\n\t\t\t\tjQuery(\"#ufg_last_clicked_filter_level\").val(ufg_current_clicked_filter_level);\n\t\t\t\t\n\t\t\t\tconsole.log(ufg_last_clicked_filter_parent_id);\n\t\t\t\tif(ufg_current_clicked_filter_level == \"1evel1\") {\n\t\t\t\t\tjQuery(\"#ufg_last_clicked_filter_parent_id\").val(id);\n\t\t\t\t}\n\t\t\t\t\n\t\t\t\t\/* set current last clicked parent filter id *\/\n\t\t\t\tjQuery(\"#ufg_current_clicked_parent_filter_id\").val(id);\n\t\t\t\tjQuery(\"#ufg_last_clicked_filter_parent_id\").val(id);\n\t\t\t\t\n\t\t\t} else {\n\t\t\t\t\n\t\t\t\t\/* transfer current filter to last filter (transfer before getting filter level) *\/\n\t\t\t\tjQuery(\"#ufg_last_clicked_filter_id\").val(ufg_current_clicked_filter_id);\n\t\t\t\tjQuery(\"#ufg_last_clicked_filter_level\").val(ufg_current_clicked_filter_level);\n\t\t\t\t\n\t\t\t\t\/\/get current clicked filter level *\/\n\t\t\t\t\/\/console.log(id.match(\"1evel1\")); *\/\n\t\t\t\tif(id.match(\"1evel1\")){ ufg_current_clicked_filter_level = \"1evel1\"; }\n\t\t\t\t\/\/console.log(ufg_current_clicked_filter_level); *\/\n\t\t\t\tif(id.match(\"level2\")){ ufg_current_clicked_filter_level = \"level2\"; }\n\t\t\t\t\/\/console.log(ufg_current_clicked_filter_level); *\/\n\t\t\t\tif(id.match(\"level3\")){ ufg_current_clicked_filter_level = \"level3\"; }\n\t\t\t\t\/\/console.log(ufg_current_clicked_filter_level); *\/\n\t\t\t\t\n\t\t\t\t\/* set current filters *\/\n\t\t\t\tjQuery(\"#ufg_current_clicked_filter_id\").val(id);\n\t\t\t\tjQuery(\"#ufg_current_clicked_filter_level\").val(ufg_current_clicked_filter_level);\n\t\t\t\t\n\t\t\t\tufg_last_clicked_filter_id = jQuery(\"#ufg_last_clicked_filter_id\").val(); \/* get last clicked filter id *\/\n\t\t\t\tufg_last_clicked_filter_level = jQuery(\"#ufg_last_clicked_filter_level\").val(); \/* get last clicked filter level *\/\n\t\t\t\t\n\t\t\t\t\/* remove check icon on last clicked filter - if same level2 filter button clicked *\/\n\t\t\t\tif(ufg_current_clicked_filter_level == \"level2\" && ufg_last_clicked_filter_level == \"level2\"){\n\t\t\t\t\t\/* remove check icon from last clicked filter button *\/\n\t\t\t\t\tufg_btn_text = jQuery(\"#\" + ufg_last_clicked_filter_id).html(); \/* get html value *\/\n\t\t\t\t\t\/\/console.log(ufg_btn_text);\n\t\t\t\t\tufg_btn_text = ufg_btn_text.replace(' <i class=\"fas fa-check\"><\/i>', ''); \/* remove icon *\/\n\t\t\t\t\t\/\/console.log(ufg_btn_text);\n\t\t\t\t\tjQuery(\"#\" + ufg_last_clicked_filter_id).html(ufg_btn_text); \/* set remove icon *\/\n\t\t\t\t}\n\t\t\t\t\n\t\t\t\t\/* when transferring filter from level2 to level1 *\/\n\t\t\t\tif(ufg_current_clicked_filter_level === \"1evel1\") {\n\t\t\t\t\t\/* transfer last clicked parent filter id to current  *\/\n\t\t\t\t\tjQuery(\"#ufg_current_clicked_parent_filter_id\").val(id);\n\t\t\t\t\tjQuery(\"#ufg_last_clicked_parent_filter_id\").val(ufg_current_clicked_parent_filter_id);\n\t\t\t\t\t\n\t\t\t\t\t\/* remove check icon from last clicked filter button *\/\n\t\t\t\t\tufg_btn_text = jQuery(\"#\" + ufg_current_clicked_parent_filter_id).html(); \/* get html value *\/\n\t\t\t\t\t\/\/console.log(ufg_btn_text);\n\t\t\t\t\tufg_btn_text = ufg_btn_text.replace(' <i class=\"fas fa-check\"><\/i>', ''); \/* remove icon *\/\n\t\t\t\t\t\/\/console.log(ufg_btn_text);\n\t\t\t\t\tjQuery(\"#\" + ufg_current_clicked_parent_filter_id).html(ufg_btn_text); \/* set remove icon *\/\n\t\t\t\t\t\n\t\t\t\t\t\/* remove check icon from last clicked first filter button *\/\n\t\t\t\t\tufg_btn_text = jQuery(\"#\" + ufg_last_clicked_filter_id).html(); \/* get html value *\/\n\t\t\t\t\t\/\/console.log(ufg_btn_text);\n\t\t\t\t\tufg_btn_text = ufg_btn_text.replace(' <i class=\"fas fa-check\"><\/i>', ''); \/* remove icon *\/\n\t\t\t\t\t\/\/console.log(ufg_btn_text);\n\t\t\t\t\tjQuery(\"#\" + ufg_last_clicked_filter_id).html(ufg_btn_text); \/* set remove icon *\/\n\t\t\t\t}\n\t\t\t}\n\t\t\t\n\t\t\t\/* add check icon on current clicked filter *\/\n\t\t\tufg_btn_text = jQuery(\"#\" + id).html(); \/* get html value *\/\n\t\t\t\/\/console.log(ufg_btn_text);\n\t\t\tjQuery(\"#\" + id).html(ufg_btn_text + ' <i class=\"fas fa-check\"><\/i>');\n\t\t\t\n\t\t\t\/* hide all level 2 button *\/\n\t\t\tif(ufg_current_clicked_filter_level != \"level2\"){ \/* display only level on filter accordingly parent filters clicked *\/\n\t\t\t\tjQuery('button.ufg-level-one-button').fadeOut(); \/\/hide all level 1 buttons *\/\n\t\t\t}\n\t\t\t\n\t\t\t\/\/filtering *\/\n\t\t\tif(value == \"all\") {\n\t\t\t\t\/* show all filters *\/\n\t\t\t\tjQuery('button.ufg-parent-filters ').fadeIn( \"slow\" ); \/\/display all filters *\/\n\t\t\t\t\n\t\t\t\t\/* show all images *\/\n\t\t\t\tjQuery('div#ufg-thumbnail').fadeIn( \"slow\" ); \/\/display all images *\/\n\t\t\t\t\n\t\t\t\t\/* lightbox - remove data attribute and dynamic add lightbox data-lightbox to anchor tag *\/\n\t\t\t\t\t\t\t\tjQuery('.ufg-lightbox').removeData();\n\t\t\t\tjQuery('.ufg-lightbox').attr('data-lightbox', 'ufg-lightbox'); \/* add data-lightbox for all images cycle in lightbox *\/\n\t\t\t\t\t\t\t} else {\n\t\t\t\t\/* remove data-lightbox attribute from all ufg-thumbnail *\/\n\t\t\t\t\t\t\t\tjQuery('a.ufg-lightbox').removeAttr('data-lightbox');\n\t\t\t\t\t\t\t\t\n\t\t\t\t\/* show hide images *\/\n\t\t\t\tjQuery('div#ufg-thumbnail').fadeOut( \"slow\" ); \/\/hide all visible images *\/\n\t\t\t\tjQuery('div.' + value).fadeIn( \"slow\" ); \/\/display only clicked images \/\/and filters button *\/\n\t\t\t\tjQuery('button.' + value).fadeIn( \"slow\" ); \/\/display only clicked filters button and images *\/\n\t\t\t\t\n\t\t\t\t\/* dynamically add lightbox data-filter classes accordingly parent and sub filter clicked *\/\n\t\t\t\t\t\t\t\tvar lighbox_class_name = \"ufg-lightbox-\" + value;\n\t\t\t\tjQuery('.' + value ).attr('data-lightbox', lighbox_class_name); \/* add data filter for parent filters *\/\n\t\t\t\t\t\t\t}\n\t\t}\n\n\t\t\t\tjQuery(document).ready(function(){\n\t\t\tlightbox.option({\n\t\t\t\t'fadeDuration' : 600,\n\t\t\t\t'fitImagesInViewport' : true,\n\t\t\t\t'imageFadeDuration' : 600,\n\t\t\t\t'positionFromTop' : 50,\n\t\t\t\t'resizeDuration' : 700,\n\t\t\t\t'wrapAround': true,\n\t\t\t});\n\t\t});\n\t\t\t\t<\/script>\n\t\t\t\t<\/div>\n\t\t<!-- printing gallery end-->\n\t\t\n\t\t<style>\n\t\t.ufg-all-filter-button {\n\t\t\tcolor: #FFFFFF !important;\n\t\t\tbackground-color: #0a0000 !important;\n\t\t\tborder-color: #0a0000 !important;\n\t\t}\n\t\t.ufg-parent-filter-button {\n\t\t\tcolor: #FFFFFF !important;\n\t\t\tbackground-color: #007BFF !important;\n\t\t\tborder-color: #007BFF !important;\n\t\t}\n\t\t.ufg-level-one-button {\n\t\t\tcolor: #6C757D !important;\n\t\t\tbackground-color: #0069D9 !important;\n\t\t\tborder-color: #0069D9 !important;\n\t\t}\n\t\t.ufg-thumbnail-border {\n\t\t\t\t\t\tborder-radius: 0.25rem !important;\n\t\t}\n\t\t.ufg-image-title {\n\t\t\tfont-size: 24px !important;\n\t\t\tcolor: #FFFFFF !important;\n\t\t\tbackground-color: #000000 !important;\n\t\t}\n\t\t<\/style>\n\t\t\n<\/div>\n<\/div>\n<\/div>\n\n\n\n<div class=\"wp-block-group is-layout-constrained wp-block-group-is-layout-constrained\">\n<div class=\"wp-block-columns cr-mp-col is-layout-flex wp-container-core-columns-is-layout-9d6595d7 wp-block-columns-is-layout-flex\">\n<div class=\"wp-block-column overflow-hidden is-layout-flow wp-block-column-is-layout-flow\">\n<iframe src=\"https:\/\/www.google.com\/maps\/embed?pb=!1m17!1m12!1m3!1d49991.61311244234!2d-9.127637696248025!3d38.453574975372135!2m3!1f0!2f0!3f0!3m2!1i1024!2i768!4f13.1!3m2!1m1!2zMzjCsDI2JzMwLjkiTiA5wrAwNic0Mi42Ilc!5e0!3m2!1spt!2spt!4v1741717483454!5m2!1spt!2spt\" width=\"600\" height=\"450\" style=\"border:0;\" allowfullscreen=\"\" loading=\"lazy\" referrerpolicy=\"no-referrer-when-downgrade\"><\/iframe>\n<\/div>\n\n\n\n<div class=\"wp-block-column is-vertically-aligned-center is-layout-flow wp-block-column-is-layout-flow\">\n<h2 class=\"wp-block-heading\"><strong>Contact<\/strong><\/h2>\n\n\n\n<p style=\"font-size:16px\">Avenida dos N\u00e1ufragos<br>P\u00e9ninsule<br>Santiago - Sesimbra<br>2970-000 Sesimbra<br>Portugal<br><strong>T.<\/strong> <a href=\"tel:351212281583\">+351 212 281 583<\/a><br><strong>E.<\/strong> <a href=\"mailto:estanaval@mail.telepac.pt\">estanaval@mail.telepac.pt<\/a><br><strong>GPS :<\/strong> <a href=\"https:\/\/maps.app.goo.gl\/t7t44YNkt95CzWf68\" data-type=\"link\" data-id=\"https:\/\/maps.app.goo.gl\/t7t44YNkt95CzWf68\" target=\"_blank\" rel=\"noreferrer noopener\">38.44192<\/a><a href=\"https:\/\/maps.app.goo.gl\/t7t44YNkt95CzWf68\" data-type=\"link\" data-id=\"https:\/\/maps.app.goo.gl\/t7t44YNkt95CzWf68\">, -9.11182<\/a><\/p>\n\n\n\n<p style=\"font-size:16px\"><br><strong>Calendrier<\/strong><br>Du lundi au vendredi<br>08h00 &gt; 13h00 - 14h00 &gt; 18h00<\/p>\n\n\n\n<p style=\"font-size:16px\"><\/p>\n<\/div>\n<\/div>\n<\/div>","protected":false},"excerpt":{"rendered":"<p>Constru\u00e7\u00e3o e repara\u00e7\u00e3o de navios ESTANAVAL Com actividade desde 2005, a Estanaval Constru\u00e7\u00e3o e Repara\u00e7\u00e3o de Navios, foi adquirida em maio de 2021 pela CORRECTA Metal Lda, que passou a liderar os neg\u00f3cios do estaleiro, tendo conseguido dar-lhe uma dimens\u00e3o e visibilidade muito para al\u00e9m da que j\u00e1 tinha. A actividade da ESTANAVAL foi alargada [&hellip;]<\/p>\n","protected":false},"author":1,"featured_media":601,"parent":0,"menu_order":0,"comment_status":"closed","ping_status":"closed","template":"","meta":{"footnotes":""},"class_list":["post-14","page","type-page","status-publish","has-post-thumbnail","hentry"],"_links":{"self":[{"href":"https:\/\/correcta.pt\/fr\/wp-json\/wp\/v2\/pages\/14","targetHints":{"allow":["GET"]}}],"collection":[{"href":"https:\/\/correcta.pt\/fr\/wp-json\/wp\/v2\/pages"}],"about":[{"href":"https:\/\/correcta.pt\/fr\/wp-json\/wp\/v2\/types\/page"}],"author":[{"embeddable":true,"href":"https:\/\/correcta.pt\/fr\/wp-json\/wp\/v2\/users\/1"}],"replies":[{"embeddable":true,"href":"https:\/\/correcta.pt\/fr\/wp-json\/wp\/v2\/comments?post=14"}],"version-history":[{"count":58,"href":"https:\/\/correcta.pt\/fr\/wp-json\/wp\/v2\/pages\/14\/revisions"}],"predecessor-version":[{"id":640,"href":"https:\/\/correcta.pt\/fr\/wp-json\/wp\/v2\/pages\/14\/revisions\/640"}],"wp:featuredmedia":[{"embeddable":true,"href":"https:\/\/correcta.pt\/fr\/wp-json\/wp\/v2\/media\/601"}],"wp:attachment":[{"href":"https:\/\/correcta.pt\/fr\/wp-json\/wp\/v2\/media?parent=14"}],"curies":[{"name":"wp","href":"https:\/\/api.w.org\/{rel}","templated":true}]}}