{"id":206,"date":"2025-01-24T18:28:28","date_gmt":"2025-01-24T15:28:28","guid":{"rendered":"http:\/\/localhost\/wordpress\/?page_id=206"},"modified":"2025-04-11T19:02:54","modified_gmt":"2025-04-11T16:02:54","slug":"informacao","status":"publish","type":"page","link":"https:\/\/correcta.pt\/fr\/informacao\/","title":{"rendered":"Notre histoire"},"content":{"rendered":"<div class=\"wp-block-columns is-layout-flex wp-container-core-columns-is-layout-9d6595d7 wp-block-columns-is-layout-flex\">\n<div class=\"wp-block-column is-layout-flow wp-block-column-is-layout-flow\">\n<figure class=\"wp-block-image aligncenter size-full\"><img loading=\"lazy\" decoding=\"async\" width=\"358\" height=\"194\" src=\"https:\/\/correcta.pt\/wp-content\/uploads\/2025\/01\/logoCorrecta.png\" alt=\"\" class=\"wp-image-58\"\/><\/figure>\n<\/div>\n<\/div>\n\n\n\n<div class=\"wp-block-columns is-layout-flex wp-container-core-columns-is-layout-9d6595d7 wp-block-columns-is-layout-flex\">\n<div class=\"wp-block-column is-layout-flow wp-block-column-is-layout-flow\">\n<p>La soci\u00e9t\u00e9 a \u00e9t\u00e9 fond\u00e9e le 19 juin 1981 sous le nom de Crespo, Silva &amp; Dias, Lda. Pendant plusieurs ann\u00e9es, elle a concentr\u00e9 son activit\u00e9 sur la fourniture de services de maintenance industrielle, de serrurerie civile, de sablage et de peinture. <\/p>\n\n\n\n<p>En 2006, elle a augment\u00e9 son capital social \u00e0 150 000 euros, chang\u00e9 son nom en CORRECTA Constru\u00e7\u00f5es, Lda et modifi\u00e9 son positionnement sur le march\u00e9, en se concentrant sur l'offre de solutions de construction civile, de m\u00e9tallurgie et de projets sp\u00e9ciaux pour le secteur public, les ports, les barrages, les vannes et autres. <\/p>\n\n\n\n<p>En 2015, face au ralentissement \u00e9conomique cons\u00e9cutif \u00e0 la crise des subprimes, elle a ressenti le besoin de se d\u00e9velopper en France et a pris le nom commercial de CORRECTA GROUP en pr\u00e9vision de sa strat\u00e9gie de diversification de ses activit\u00e9s. <\/p>\n\n\n\n<p>En 2017, elle a renforc\u00e9 sa volont\u00e9 d'externaliser son activit\u00e9 en France, concr\u00e9tis\u00e9e par un Business Plan qui a choisi l'axe Bordeaux\/Marseille comme zone \u00e0 privil\u00e9gier. En 2020, elle a ouvert une succursale en France, renfor\u00e7ant encore son engagement sur ce march\u00e9 et augmentant son capital social \u00e0 500 000 \u20ac. <\/p>\n\n\n\n<p>En 2021, elle a chang\u00e9 de nom pour devenir CORRECTA Metal Lda, un nom qui lui permet d'\u00eatre mieux identifi\u00e9e sur son march\u00e9. En 2021 \u00e9galement, elle a \u00e9t\u00e9 r\u00e9compens\u00e9e en tant que PME leader et a enregistr\u00e9 l'acronyme et le symbole au niveau international.<\/p>\n\n\n\n<p>En 2022, elle re\u00e7oit \u00e0 nouveau la distinction PME Lider et la certification ISO 9001 du Bureau Veritas. En 2023, elle renouvelle la distinction PME Lider 23 et re\u00e7oit la certification Qualibat qui s'ajoute \u00e0 ses autres distinctions.<\/p>\n<\/div>\n<\/div>\n\n\n\n<div class=\"wp-block-columns is-layout-flex wp-container-core-columns-is-layout-9d6595d7 wp-block-columns-is-layout-flex\">\n<div class=\"wp-block-column is-layout-flow wp-block-column-is-layout-flow\">\n<h2 class=\"wp-block-heading\"><strong>La mission<\/strong><\/h2>\n\n\n\n<p>Notre objectif est d'\u00eatre leader dans la fourniture de solutions innovantes en mati\u00e8re de serrurerie, de construction m\u00e9tallique et de projets sp\u00e9ciaux qui r\u00e9pondent aux besoins de nos clients, en cr\u00e9ant de la valeur pour toutes nos parties prenantes.<\/p>\n<\/div>\n<\/div>\n\n\n\n<div class=\"wp-block-columns is-layout-flex wp-container-core-columns-is-layout-9d6595d7 wp-block-columns-is-layout-flex\">\n<div class=\"wp-block-column is-layout-flow wp-block-column-is-layout-flow\">\n<h2 class=\"wp-block-heading\"><strong>Vision<\/strong><\/h2>\n\n\n\n<p>Promouvoir le bien-\u00eatre des communaut\u00e9s dans lesquelles nous op\u00e9rons, en respectant les principes de durabilit\u00e9 dans chaque projet. <\/p>\n\n\n\n<p>Nous proposons des solutions qui donnent la priorit\u00e9 \u00e0 la satisfaction totale de toutes les parties concern\u00e9es, en alignant les actions sur la responsabilit\u00e9 sociale et environnementale.<\/p>\n<\/div>\n<\/div>\n\n\n\n<div class=\"wp-block-columns is-layout-flex wp-container-core-columns-is-layout-9d6595d7 wp-block-columns-is-layout-flex\">\n<div class=\"wp-block-column is-layout-flow wp-block-column-is-layout-flow\">\n<h2 class=\"wp-block-heading\"><strong>Valeurs<\/strong><\/h2>\n\n\n\n<ul class=\"wp-block-list\">\n<li>Cr\u00e9er une valeur \u00e9conomique pour la soci\u00e9t\u00e9 en promouvant le d\u00e9veloppement durable.<\/li>\n\n\n\n<li>Encourager le progr\u00e8s social dans les communaut\u00e9s o\u00f9 nous op\u00e9rons.<\/li>\n\n\n\n<li>Favoriser le d\u00e9veloppement personnel et professionnel de nos employ\u00e9s.<\/li>\n\n\n\n<li>Donner la priorit\u00e9 \u00e0 la protection de l'environnement et \u00e0 la pr\u00e9servation des \u00e9cosyst\u00e8mes.<\/li>\n<\/ul>\n<\/div>\n<\/div>","protected":false},"excerpt":{"rendered":"<p>A empresa foi fundada em 19 de Junho de 1981, sob a designa\u00e7\u00e3o de Crespo, Silva &amp; Dias, Lda. Durante v\u00e1rios anos centrou a sua actividade na presta\u00e7\u00e3o de servi\u00e7os de manuten\u00e7\u00e3o industrial, serralharia civil, decapagem e pintura. Em 2006 elevou o capital social para 150.000\u20ac, alterou a designa\u00e7\u00e3o para CORRECTA Constru\u00e7\u00f5es, Lda e alterou [&hellip;]<\/p>\n","protected":false},"author":1,"featured_media":592,"parent":0,"menu_order":0,"comment_status":"closed","ping_status":"closed","template":"","meta":{"footnotes":""},"class_list":["post-206","page","type-page","status-publish","has-post-thumbnail","hentry"],"_links":{"self":[{"href":"https:\/\/correcta.pt\/fr\/wp-json\/wp\/v2\/pages\/206","targetHints":{"allow":["GET"]}}],"collection":[{"href":"https:\/\/correcta.pt\/fr\/wp-json\/wp\/v2\/pages"}],"about":[{"href":"https:\/\/correcta.pt\/fr\/wp-json\/wp\/v2\/types\/page"}],"author":[{"embeddable":true,"href":"https:\/\/correcta.pt\/fr\/wp-json\/wp\/v2\/users\/1"}],"replies":[{"embeddable":true,"href":"https:\/\/correcta.pt\/fr\/wp-json\/wp\/v2\/comments?post=206"}],"version-history":[{"count":15,"href":"https:\/\/correcta.pt\/fr\/wp-json\/wp\/v2\/pages\/206\/revisions"}],"predecessor-version":[{"id":564,"href":"https:\/\/correcta.pt\/fr\/wp-json\/wp\/v2\/pages\/206\/revisions\/564"}],"wp:featuredmedia":[{"embeddable":true,"href":"https:\/\/correcta.pt\/fr\/wp-json\/wp\/v2\/media\/592"}],"wp:attachment":[{"href":"https:\/\/correcta.pt\/fr\/wp-json\/wp\/v2\/media?parent=206"}],"curies":[{"name":"wp","href":"https:\/\/api.w.org\/{rel}","templated":true}]}}