{"id":209,"date":"2025-01-24T18:33:09","date_gmt":"2025-01-24T15:33:09","guid":{"rendered":"http:\/\/localhost\/wordpress\/?page_id=209"},"modified":"2025-03-11T19:30:15","modified_gmt":"2025-03-11T16:30:15","slug":"distincoes","status":"publish","type":"page","link":"https:\/\/correcta.pt\/fr\/distincoes\/","title":{"rendered":"Distinctions"},"content":{"rendered":"<div class=\"wp-block-columns is-layout-flex wp-container-core-columns-is-layout-9d6595d7 wp-block-columns-is-layout-flex\">\n<div class=\"wp-block-column is-layout-flow wp-block-column-is-layout-flow\">\n<h2 class=\"wp-block-heading has-text-align-center\">Nos certifications<\/h2>\n\n\n\n<p class=\"has-text-align-center\">Les certifications telles que ISO 9001, Propri\u00e9t\u00e9 intellectuelle et COTE 23, refl\u00e8tent<br>notre engagement en faveur de la qualit\u00e9, du d\u00e9veloppement durable et de la s\u00e9curit\u00e9<br>toutes les op\u00e9rations.<\/p>\n<\/div>\n<\/div>\n\n\n\n<div class=\"wp-block-columns is-layout-flex wp-container-core-columns-is-layout-9d6595d7 wp-block-columns-is-layout-flex\">\n<div class=\"wp-block-column is-layout-flow wp-block-column-is-layout-flow\">\n<figure class=\"wp-block-image size-full btn-pdf-open cer-1\"><img loading=\"lazy\" decoding=\"async\" width=\"590\" height=\"586\" src=\"https:\/\/correcta.pt\/wp-content\/uploads\/2025\/01\/image-51.jpg\" alt=\"\" class=\"wp-image-230\" title=\"https:\/\/correcta.pt\/wp-content\/uploads\/2025\/03\/CertificacaoBVISO9001.pdf\"\/><\/figure>\n<\/div>\n\n\n\n<div class=\"wp-block-column is-layout-flow wp-block-column-is-layout-flow\">\n<figure class=\"wp-block-image size-full btn-pdf-open cer-2\"><img loading=\"lazy\" decoding=\"async\" width=\"590\" height=\"586\" src=\"https:\/\/correcta.pt\/wp-content\/uploads\/2025\/01\/image-51-1.jpg\" alt=\"\" class=\"wp-image-234\" title=\"https:\/\/correcta.pt\/wp-content\/uploads\/2025\/03\/Certificado2023InovadoraCOTEC.pdf\"\/><\/figure>\n<\/div>\n\n\n\n<div class=\"wp-block-column is-layout-flow wp-block-column-is-layout-flow\">\n<figure class=\"wp-block-image size-full btn-pdf-open\"><img loading=\"lazy\" decoding=\"async\" width=\"590\" height=\"586\" src=\"https:\/\/correcta.pt\/wp-content\/uploads\/2025\/01\/image-51-1.jpg\" alt=\"\" class=\"wp-image-234\" title=\"https:\/\/correcta.pt\/wp-content\/uploads\/2025\/03\/Propriedade_intelectual.pdf\"\/><\/figure>\n<\/div>\n<\/div>\n\n\n\n<div class=\"wp-block-columns is-layout-flex wp-container-core-columns-is-layout-9d6595d7 wp-block-columns-is-layout-flex\">\n<div class=\"wp-block-column is-layout-flow wp-block-column-is-layout-flow\">\n<h2 class=\"wp-block-heading has-text-align-center\">Nos dipl\u00f4mes<\/h2>\n\n\n\n<p class=\"has-text-align-center\">Nos honneurs, une v\u00e9ritable r\u00e9ussite qui refl\u00e8te l'engagement g\u00e9n\u00e9ral de l'Union europ\u00e9enne.<br>Correct, pour la qualit\u00e9 dans tous les domaines.<\/p>\n\n\n\n<div class=\"wp-block-columns is-layout-flex wp-container-core-columns-is-layout-9d6595d7 wp-block-columns-is-layout-flex\">\n<div class=\"wp-block-column is-layout-flow wp-block-column-is-layout-flow\">\n<figure class=\"wp-block-image size-full btn-pdf-open\"><img loading=\"lazy\" decoding=\"async\" width=\"587\" height=\"589\" src=\"https:\/\/correcta.pt\/wp-content\/uploads\/2025\/01\/image-16-1.jpg\" alt=\"\" class=\"wp-image-236\" title=\"https:\/\/correcta.pt\/wp-content\/uploads\/2025\/03\/Diploma-PME-Lider-2022.pdf\"\/><\/figure>\n<\/div>\n\n\n\n<div class=\"wp-block-column is-layout-flow wp-block-column-is-layout-flow\">\n<figure class=\"wp-block-image size-full btn-pdf-open\"><img loading=\"lazy\" decoding=\"async\" width=\"587\" height=\"589\" src=\"https:\/\/correcta.pt\/wp-content\/uploads\/2025\/01\/image-16-1.jpg\" alt=\"\" class=\"wp-image-236\" title=\"https:\/\/correcta.pt\/wp-content\/uploads\/2025\/03\/Diploma-PME-Lider-2023.pdf\"\/><\/figure>\n<\/div>\n\n\n\n<div class=\"wp-block-column is-layout-flow wp-block-column-is-layout-flow\">\n<figure class=\"wp-block-image size-full btn-pdf-open\"><img loading=\"lazy\" decoding=\"async\" width=\"587\" height=\"589\" src=\"https:\/\/correcta.pt\/wp-content\/uploads\/2025\/01\/image-16-1.jpg\" alt=\"\" class=\"wp-image-236\" title=\"https:\/\/correcta.pt\/wp-content\/uploads\/2025\/03\/Diploma-PME-Lider-2021_compressed.pdf\"\/><\/figure>\n<\/div>\n<\/div>\n<\/div>\n<\/div>","protected":false},"excerpt":{"rendered":"<p>Nos certifications Des certifications telles que ISO 9001, Propri\u00e9t\u00e9 intellectuelle et COTE 23 refl\u00e8tent notre engagement en faveur de la qualit\u00e9, de la durabilit\u00e9 et de la s\u00e9curit\u00e9 dans toutes nos activit\u00e9s. Nos dipl\u00f4mes Nos distinctions, une v\u00e9ritable r\u00e9ussite qui refl\u00e8te l'engagement global de Correcta en faveur de la qualit\u00e9 dans tous les domaines.<\/p>","protected":false},"author":1,"featured_media":68,"parent":0,"menu_order":0,"comment_status":"closed","ping_status":"closed","template":"","meta":{"footnotes":""},"class_list":["post-209","page","type-page","status-publish","has-post-thumbnail","hentry"],"_links":{"self":[{"href":"https:\/\/correcta.pt\/fr\/wp-json\/wp\/v2\/pages\/209","targetHints":{"allow":["GET"]}}],"collection":[{"href":"https:\/\/correcta.pt\/fr\/wp-json\/wp\/v2\/pages"}],"about":[{"href":"https:\/\/correcta.pt\/fr\/wp-json\/wp\/v2\/types\/page"}],"author":[{"embeddable":true,"href":"https:\/\/correcta.pt\/fr\/wp-json\/wp\/v2\/users\/1"}],"replies":[{"embeddable":true,"href":"https:\/\/correcta.pt\/fr\/wp-json\/wp\/v2\/comments?post=209"}],"version-history":[{"count":24,"href":"https:\/\/correcta.pt\/fr\/wp-json\/wp\/v2\/pages\/209\/revisions"}],"predecessor-version":[{"id":468,"href":"https:\/\/correcta.pt\/fr\/wp-json\/wp\/v2\/pages\/209\/revisions\/468"}],"wp:featuredmedia":[{"embeddable":true,"href":"https:\/\/correcta.pt\/fr\/wp-json\/wp\/v2\/media\/68"}],"wp:attachment":[{"href":"https:\/\/correcta.pt\/fr\/wp-json\/wp\/v2\/media?parent=209"}],"curies":[{"name":"wp","href":"https:\/\/api.w.org\/{rel}","templated":true}]}}